{"id":7023,"date":"2022-03-22T11:40:22","date_gmt":"2022-03-22T10:40:22","guid":{"rendered":"http:\/\/dejongsleen.practicom.website\/?page_id=7023"},"modified":"2022-03-23T09:08:59","modified_gmt":"2022-03-23T08:08:59","slug":"2011-2","status":"publish","type":"page","link":"https:\/\/www.dejongsleen.nl\/pt-pt\/o-premio-tjeerd-de-jong\/2011-2\/","title":{"rendered":"2011"},"content":{"rendered":"[vc_row type=&#8221;in_container&#8221; full_screen_row_position=&#8221;middle&#8221; column_margin=&#8221;default&#8221; column_direction=&#8221;default&#8221; column_direction_tablet=&#8221;default&#8221; column_direction_phone=&#8221;default&#8221; scene_position=&#8221;center&#8221; text_color=&#8221;dark&#8221; text_align=&#8221;left&#8221; row_border_radius=&#8221;none&#8221; row_border_radius_applies=&#8221;bg&#8221; overlay_strength=&#8221;0.3&#8243; gradient_direction=&#8221;left_to_right&#8221; shape_divider_position=&#8221;bottom&#8221; bg_image_animation=&#8221;none&#8221;][vc_column column_padding=&#8221;no-extra-padding&#8221; column_padding_tablet=&#8221;inherit&#8221; column_padding_phone=&#8221;inherit&#8221; column_padding_position=&#8221;all&#8221; column_element_spacing=&#8221;default&#8221; background_color_opacity=&#8221;1&#8243; background_hover_color_opacity=&#8221;1&#8243; column_shadow=&#8221;none&#8221; column_border_radius=&#8221;none&#8221; column_link_target=&#8221;_self&#8221; gradient_direction=&#8221;left_to_right&#8221; overlay_strength=&#8221;0.3&#8243; width=&#8221;1\/1&#8243; tablet_width_inherit=&#8221;default&#8221; tablet_text_alignment=&#8221;default&#8221; phone_text_alignment=&#8221;default&#8221; bg_image_animation=&#8221;none&#8221; border_type=&#8221;simple&#8221; column_border_width=&#8221;none&#8221; column_border_style=&#8221;solid&#8221;][divider line_type=&#8221;No Line&#8221; custom_height=&#8221;30&#8243;][\/vc_column][\/vc_row][vc_row type=&#8221;full_width_background&#8221; full_screen_row_position=&#8221;middle&#8221; column_margin=&#8221;default&#8221; column_direction=&#8221;default&#8221; column_direction_tablet=&#8221;default&#8221; column_direction_phone=&#8221;default&#8221; bg_color=&#8221;#009fe3&#8243; scene_position=&#8221;center&#8221; top_padding=&#8221;30px&#8221; constrain_group_1=&#8221;yes&#8221; bottom_padding=&#8221;30px&#8221; left_padding_desktop=&#8221;20px&#8221; constrain_group_2=&#8221;yes&#8221; right_padding_desktop=&#8221;20px&#8221; text_color=&#8221;light&#8221; text_align=&#8221;left&#8221; row_border_radius=&#8221;none&#8221; row_border_radius_applies=&#8221;bg&#8221; id=&#8221;intro&#8221; overlay_strength=&#8221;0.3&#8243; gradient_direction=&#8221;left_to_right&#8221; shape_divider_position=&#8221;bottom&#8221; bg_image_animation=&#8221;none&#8221; shape_type=&#8221;&#8221;][vc_column column_padding=&#8221;no-extra-padding&#8221; column_padding_tablet=&#8221;inherit&#8221; column_padding_phone=&#8221;inherit&#8221; column_padding_position=&#8221;all&#8221; column_element_spacing=&#8221;default&#8221; background_color_opacity=&#8221;1&#8243; background_hover_color_opacity=&#8221;1&#8243; column_shadow=&#8221;none&#8221; column_border_radius=&#8221;none&#8221; column_link_target=&#8221;_self&#8221; gradient_direction=&#8221;left_to_right&#8221; overlay_strength=&#8221;0.3&#8243; width=&#8221;1\/1&#8243; tablet_width_inherit=&#8221;default&#8221; tablet_text_alignment=&#8221;default&#8221; phone_text_alignment=&#8221;default&#8221; bg_image_animation=&#8221;none&#8221; border_type=&#8221;simple&#8221; column_border_width=&#8221;none&#8221; column_border_style=&#8221;solid&#8221;][vc_column_text]\n<h2>O Pr\u00eamio Tjeerd de Jong 2011<\/h2>\n[\/vc_column_text][vc_row_inner column_margin=&#8221;default&#8221; column_direction=&#8221;default&#8221; column_direction_tablet=&#8221;default&#8221; column_direction_phone=&#8221;default&#8221; text_align=&#8221;left&#8221;][vc_column_inner column_padding=&#8221;no-extra-padding&#8221; column_padding_tablet=&#8221;inherit&#8221; column_padding_phone=&#8221;inherit&#8221; column_padding_position=&#8221;all&#8221; column_element_spacing=&#8221;default&#8221; background_color_opacity=&#8221;1&#8243; background_hover_color_opacity=&#8221;1&#8243; column_shadow=&#8221;none&#8221; column_border_radius=&#8221;none&#8221; column_link_target=&#8221;_self&#8221; gradient_direction=&#8221;left_to_right&#8221; overlay_strength=&#8221;0.3&#8243; width=&#8221;1\/1&#8243; tablet_width_inherit=&#8221;default&#8221; bg_image_animation=&#8221;none&#8221; border_type=&#8221;simple&#8221; column_border_width=&#8221;none&#8221; column_border_style=&#8221;solid&#8221;][vc_column_text]Para o Pr\u00eamio Tjeerd de Jong 2011, foram nominados tr\u00eas estudantes do curso de Ci\u00eancias Animais da Wageningen UR, que durante a fase final de seus estudos participaram do grupo de Pesquisa de Mestrado (Research Master Cluster). No contexto desta mat\u00e9ria, eles formularam propostas para seus pr\u00f3prios projetos de pesquisa, com as quais concorreram ao pr\u00eamio.<\/p>\n<p>Em 2011, o j\u00fari consistiu de dois professores de ci\u00eancias da universidade, e uma delega\u00e7\u00e3o da dire\u00e7\u00e3o da Funda\u00e7\u00e3o.<\/p>\n<ul>\n<li>Prof. Dr. Engo Bas Kemp &#8211; Diretor WIAS<\/li>\n<li>Prof. Dr. Engo Johan van Arendonk \u2013 Decano da Wageningen Graduateschool<\/li>\n<\/ul>\n<p>Os jurados da Funda\u00e7\u00e3o foram Prof. Dr. Herre Kingma, presidente da Funda\u00e7\u00e3o, e Erik Meijer, membro da dire\u00e7\u00e3o da Funda\u00e7\u00e3o e respons\u00e1vel pelo controle do progresso nos estudos dos bolsistas.[\/vc_column_text][\/vc_column_inner][\/vc_row_inner][\/vc_column][\/vc_row][vc_row type=&#8221;full_width_background&#8221; full_screen_row_position=&#8221;middle&#8221; column_margin=&#8221;default&#8221; column_direction=&#8221;default&#8221; column_direction_tablet=&#8221;default&#8221; column_direction_phone=&#8221;default&#8221; bg_image=&#8221;6647&#8243; bg_position=&#8221;right bottom&#8221; background_image_loading=&#8221;default&#8221; bg_repeat=&#8221;no-repeat&#8221; scene_position=&#8221;center&#8221; top_padding=&#8221;30px&#8221; text_color=&#8221;dark&#8221; text_align=&#8221;left&#8221; row_border_radius=&#8221;none&#8221; row_border_radius_applies=&#8221;bg&#8221; color_overlay=&#8221;#f8f8f8&#8243; color_overlay_2=&#8221;#f8f8f8&#8243; overlay_strength=&#8221;0.8&#8243; gradient_direction=&#8221;left_to_right&#8221; shape_divider_position=&#8221;bottom&#8221; bg_image_animation=&#8221;none&#8221; shape_type=&#8221;&#8221;][vc_column column_padding=&#8221;no-extra-padding&#8221; column_padding_tablet=&#8221;inherit&#8221; column_padding_phone=&#8221;inherit&#8221; column_padding_position=&#8221;all&#8221; column_element_spacing=&#8221;default&#8221; background_color_opacity=&#8221;1&#8243; background_hover_color_opacity=&#8221;1&#8243; column_shadow=&#8221;none&#8221; column_border_radius=&#8221;none&#8221; column_link_target=&#8221;_self&#8221; gradient_direction=&#8221;left_to_right&#8221; overlay_strength=&#8221;0.3&#8243; width=&#8221;1\/1&#8243; tablet_width_inherit=&#8221;default&#8221; tablet_text_alignment=&#8221;default&#8221; phone_text_alignment=&#8221;default&#8221; bg_image_animation=&#8221;none&#8221; border_type=&#8221;simple&#8221; column_border_width=&#8221;none&#8221; column_border_style=&#8221;solid&#8221;][vc_row_inner column_margin=&#8221;default&#8221; column_direction=&#8221;default&#8221; column_direction_tablet=&#8221;default&#8221; column_direction_phone=&#8221;default&#8221; bottom_padding=&#8221;60px&#8221; text_align=&#8221;left&#8221;][vc_column_inner column_padding=&#8221;no-extra-padding&#8221; column_padding_tablet=&#8221;inherit&#8221; column_padding_phone=&#8221;inherit&#8221; column_padding_position=&#8221;all&#8221; column_element_spacing=&#8221;default&#8221; background_color_opacity=&#8221;1&#8243; background_hover_color_opacity=&#8221;1&#8243; column_shadow=&#8221;none&#8221; column_border_radius=&#8221;none&#8221; column_link_target=&#8221;_self&#8221; gradient_direction=&#8221;left_to_right&#8221; overlay_strength=&#8221;0.3&#8243; width=&#8221;1\/1&#8243; tablet_width_inherit=&#8221;default&#8221; bg_image_animation=&#8221;none&#8221; border_type=&#8221;simple&#8221; column_border_width=&#8221;none&#8221; column_border_style=&#8221;solid&#8221;][vc_column_text]\n<h3>Entrega do Pr\u00eamio Tjeerd de Jong 2011<\/h3>\n[\/vc_column_text][vc_column_text]Na sexta-feira 4 de Novembro de 2011, as salas do conselho no centro de dire\u00e7\u00e3o da Wageningen UR foram palco de uma reuni\u00e3o muito exitosa, na qual foi entregue o Pr\u00eamio Tjeerd de Jong 2011. Entre os interessados presentes encontravam-se ex-bolsistas, funcion\u00e1rios da universidade e familiares.<\/p>\n<p>O presidente do Conselho de Dire\u00e7\u00e3o da Wageningen UR, Dr. Aalt Dijkhuizen, deu as boas vindas aos presentes. Em seguida, Johan van Arendonk explicou o protocolo da entrega do pr\u00eamio. Herre Kingma tomou a palavra em nome da Funda\u00e7\u00e3o Gebroeders De Jong&#8217;s Leen, e falou sobre a hist\u00f3ria da Funda\u00e7\u00e3o.<\/p>\n<p>Havia tr\u00eas nominados para o Pr\u00eamio Tjeerd de Jong 2011. Carmen Embregts, com seu plano de pesquisas para melhora do sistema imunol\u00f3gico de peixes. Henrieke Tonkes com seu plano para pesquisar pl\u00e2ncton na \u00e1gua marinha na regi\u00e3o \u00e1rtica. E Corn\u00e9 Rademaker com seu plano para pesquisar a redu\u00e7\u00e3o de f\u00f3sforo na alimenta\u00e7\u00e3o de galinhas.<\/p>\n<p>Frente ao j\u00fari e ao p\u00fablico, cada um deles teve alguns minutos para apresentar seu plano de pesquisa. Ap\u00f3s cada apresenta\u00e7\u00e3o, havia oportunidade para perguntas do p\u00fablico, que foi aproveitada por muitos. O p\u00fablico, que em parte consistia de leigos, fez tamb\u00e9m perguntas que n\u00e3o se relacionavam diretamente ao conte\u00fado, e isto provou ser um bom exerc\u00edcio para os nominados.<\/p>\n<p>Ap\u00f3s amplas delibera\u00e7\u00f5es entre os jurados, Henrieke Tonkes foi escolhida como vencedora do Pr\u00eamio Tjeerd de Jong 2011. Corn\u00e9 Rademaker terminou em segundo lugar, e Carmen Embregts mereceu um honroso terceiro lugar.<\/p>\n<p>Henrieke Tonkes recebeu o cheque simb\u00f3lico de 2.000 euros, al\u00e9m de flores e o copo da vaca. Ela vai usar este dinheiro para tirar seu diploma de mergulho cient\u00edfico, para poder trabalhar tamb\u00e9m debaixo da capa de gelo polar, durante suas pesquisas no \u00c1rtico.<\/p>\n<p>Por causa do alto n\u00edvel das apresenta\u00e7\u00f5es e dos planos de pesquisa, foi decidido oferecer um pr\u00eamio tamb\u00e9m aos outros dois nominados. Corn\u00e9 Rademaker e Carmen Embregts receberam 1.000 euros cada, al\u00e9m de flores e o copo da vaca. Corn\u00e9 disse que pretende fazer um est\u00e1gio na Universidade de North Carolina. Carmen quer ampliar seu conhecimento na Universidade de Aberdeen.<\/p>\n<p>Gebroeders De Jong&#8217;s Leen deseja aos tr\u00eas muito sucesso em suas carreiras cient\u00edficas, e espera que o pr\u00eamio tenha sido uma ajuda para poderem concretizar seus objetivos.<\/p>\n<p>Abaixo se encontra uma foto da entrega do pr\u00eamio. No ano que vem, novamente em colabora\u00e7\u00e3o com a Wageningen UR, ser\u00e1 entregue o Pr\u00eamio Tjeerd de Jong 2012.<\/p>\n<h2><span class=\"plugin_picture\"><img decoding=\"async\" src=\"https:\/\/www.dejongsleen.nl\/media\/cms_page_media\/29\/Uitreiking%20TjdJprijs%202011%2004112011%20website%20600%20pxls_1.jpg\" alt=\"\" data-pagespeed-url-hash=\"2525630061\" \/><\/span><\/h2>\n<p>No meio, a vencedora Henrieke Tonkes, ladeada por Carmen Embregts, Corn\u00e9 Rademaker e a dire\u00e7\u00e3o da Funda\u00e7\u00e3o de Benef\u00edcios Het Leen, ap\u00f3s a entrega do Pr\u00eamio Tjeerd de Jong 2011.[\/vc_column_text][\/vc_column_inner][\/vc_row_inner][\/vc_column][\/vc_row]\n","protected":false},"excerpt":{"rendered":"<p>[vc_row type=&#8221;in_container&#8221; full_screen_row_position=&#8221;middle&#8221; column_margin=&#8221;default&#8221; column_direction=&#8221;default&#8221; column_direction_tablet=&#8221;default&#8221; column_direction_phone=&#8221;default&#8221; scene_position=&#8221;center&#8221; text_color=&#8221;dark&#8221; text_align=&#8221;left&#8221; row_border_radius=&#8221;none&#8221; row_border_radius_applies=&#8221;bg&#8221; overlay_strength=&#8221;0.3&#8243; gradient_direction=&#8221;left_to_right&#8221; shape_divider_position=&#8221;bottom&#8221; bg_image_animation=&#8221;none&#8221;][vc_column column_padding=&#8221;no-extra-padding&#8221; column_padding_tablet=&#8221;inherit&#8221; column_padding_phone=&#8221;inherit&#8221; column_padding_position=&#8221;all&#8221; column_element_spacing=&#8221;default&#8221; background_color_opacity=&#8221;1&#8243; background_hover_color_opacity=&#8221;1&#8243; column_shadow=&#8221;none&#8221; column_border_radius=&#8221;none&#8221; column_link_target=&#8221;_self&#8221; gradient_direction=&#8221;left_to_right&#8221; overlay_strength=&#8221;0.3&#8243; width=&#8221;1\/1&#8243; tablet_width_inherit=&#8221;default&#8221;&#8230;<\/p>\n","protected":false},"author":1,"featured_media":0,"parent":7015,"menu_order":0,"comment_status":"closed","ping_status":"closed","template":"","meta":{"footnotes":""},"class_list":["post-7023","page","type-page","status-publish"],"yoast_head":"<!-- This site is optimized with the Yoast SEO plugin v26.8 - https:\/\/yoast.com\/product\/yoast-seo-wordpress\/ -->\n<title>2011 - Stichting Gebrs. de Jong&#039;s Leen<\/title>\n<meta name=\"robots\" content=\"index, follow, max-snippet:-1, max-image-preview:large, max-video-preview:-1\" \/>\n<link rel=\"canonical\" href=\"https:\/\/www.dejongsleen.nl\/pt-pt\/o-premio-tjeerd-de-jong\/2011-2\/\" \/>\n<meta property=\"og:locale\" content=\"pt_PT\" \/>\n<meta property=\"og:type\" content=\"article\" \/>\n<meta property=\"og:title\" content=\"2011 - Stichting Gebrs. de Jong&#039;s Leen\" \/>\n<meta property=\"og:description\" content=\"[vc_row type=&#8221;in_container&#8221; full_screen_row_position=&#8221;middle&#8221; column_margin=&#8221;default&#8221; column_direction=&#8221;default&#8221; column_direction_tablet=&#8221;default&#8221; column_direction_phone=&#8221;default&#8221; scene_position=&#8221;center&#8221; text_color=&#8221;dark&#8221; text_align=&#8221;left&#8221; row_border_radius=&#8221;none&#8221; row_border_radius_applies=&#8221;bg&#8221; overlay_strength=&#8221;0.3&#8243; gradient_direction=&#8221;left_to_right&#8221; shape_divider_position=&#8221;bottom&#8221; bg_image_animation=&#8221;none&#8221;][vc_column column_padding=&#8221;no-extra-padding&#8221; column_padding_tablet=&#8221;inherit&#8221; column_padding_phone=&#8221;inherit&#8221; column_padding_position=&#8221;all&#8221; column_element_spacing=&#8221;default&#8221; background_color_opacity=&#8221;1&#8243; background_hover_color_opacity=&#8221;1&#8243; column_shadow=&#8221;none&#8221; column_border_radius=&#8221;none&#8221; column_link_target=&#8221;_self&#8221; gradient_direction=&#8221;left_to_right&#8221; overlay_strength=&#8221;0.3&#8243; width=&#8221;1\/1&#8243; tablet_width_inherit=&#8221;default&#8221;...\" \/>\n<meta property=\"og:url\" content=\"https:\/\/www.dejongsleen.nl\/pt-pt\/o-premio-tjeerd-de-jong\/2011-2\/\" \/>\n<meta property=\"og:site_name\" content=\"Stichting Gebrs. de Jong&#039;s Leen\" \/>\n<meta property=\"article:modified_time\" content=\"2022-03-23T08:08:59+00:00\" \/>\n<meta property=\"og:image\" content=\"https:\/\/www.dejongsleen.nl\/media\/cms_page_media\/29\/Uitreiking%20TjdJprijs%202011%2004112011%20website%20600%20pxls_1.jpg\" \/>\n<meta name=\"twitter:card\" content=\"summary_large_image\" \/>\n<meta name=\"twitter:label1\" content=\"Tempo estimado de leitura\" \/>\n\t<meta name=\"twitter:data1\" content=\"7 minutos\" \/>\n<script type=\"application\/ld+json\" class=\"yoast-schema-graph\">{\"@context\":\"https:\/\/schema.org\",\"@graph\":[{\"@type\":\"WebPage\",\"@id\":\"https:\/\/www.dejongsleen.nl\/pt-pt\/o-premio-tjeerd-de-jong\/2011-2\/\",\"url\":\"https:\/\/www.dejongsleen.nl\/pt-pt\/o-premio-tjeerd-de-jong\/2011-2\/\",\"name\":\"2011 - Stichting Gebrs. de Jong&#039;s Leen\",\"isPartOf\":{\"@id\":\"https:\/\/www.dejongsleen.nl\/nl\/#website\"},\"primaryImageOfPage\":{\"@id\":\"https:\/\/www.dejongsleen.nl\/pt-pt\/o-premio-tjeerd-de-jong\/2011-2\/#primaryimage\"},\"image\":{\"@id\":\"https:\/\/www.dejongsleen.nl\/pt-pt\/o-premio-tjeerd-de-jong\/2011-2\/#primaryimage\"},\"thumbnailUrl\":\"https:\/\/www.dejongsleen.nl\/media\/cms_page_media\/29\/Uitreiking%20TjdJprijs%202011%2004112011%20website%20600%20pxls_1.jpg\",\"datePublished\":\"2022-03-22T10:40:22+00:00\",\"dateModified\":\"2022-03-23T08:08:59+00:00\",\"breadcrumb\":{\"@id\":\"https:\/\/www.dejongsleen.nl\/pt-pt\/o-premio-tjeerd-de-jong\/2011-2\/#breadcrumb\"},\"inLanguage\":\"pt-PT\",\"potentialAction\":[{\"@type\":\"ReadAction\",\"target\":[\"https:\/\/www.dejongsleen.nl\/pt-pt\/o-premio-tjeerd-de-jong\/2011-2\/\"]}]},{\"@type\":\"ImageObject\",\"inLanguage\":\"pt-PT\",\"@id\":\"https:\/\/www.dejongsleen.nl\/pt-pt\/o-premio-tjeerd-de-jong\/2011-2\/#primaryimage\",\"url\":\"https:\/\/www.dejongsleen.nl\/media\/cms_page_media\/29\/Uitreiking%20TjdJprijs%202011%2004112011%20website%20600%20pxls_1.jpg\",\"contentUrl\":\"https:\/\/www.dejongsleen.nl\/media\/cms_page_media\/29\/Uitreiking%20TjdJprijs%202011%2004112011%20website%20600%20pxls_1.jpg\"},{\"@type\":\"BreadcrumbList\",\"@id\":\"https:\/\/www.dejongsleen.nl\/pt-pt\/o-premio-tjeerd-de-jong\/2011-2\/#breadcrumb\",\"itemListElement\":[{\"@type\":\"ListItem\",\"position\":1,\"name\":\"Home\",\"item\":\"https:\/\/www.dejongsleen.nl\/pt-pt\/\"},{\"@type\":\"ListItem\",\"position\":2,\"name\":\"O premio Tjeerd de Jong\",\"item\":\"https:\/\/www.dejongsleen.nl\/pt-pt\/o-premio-tjeerd-de-jong\/\"},{\"@type\":\"ListItem\",\"position\":3,\"name\":\"2011\"}]},{\"@type\":\"WebSite\",\"@id\":\"https:\/\/www.dejongsleen.nl\/nl\/#website\",\"url\":\"https:\/\/www.dejongsleen.nl\/nl\/\",\"name\":\"Stichting Gebrs. de Jong&#039;s Leen\",\"description\":\"\",\"potentialAction\":[{\"@type\":\"SearchAction\",\"target\":{\"@type\":\"EntryPoint\",\"urlTemplate\":\"https:\/\/www.dejongsleen.nl\/nl\/?s={search_term_string}\"},\"query-input\":{\"@type\":\"PropertyValueSpecification\",\"valueRequired\":true,\"valueName\":\"search_term_string\"}}],\"inLanguage\":\"pt-PT\"}]}<\/script>\n<!-- \/ Yoast SEO plugin. -->","yoast_head_json":{"title":"2011 - Stichting Gebrs. de Jong&#039;s Leen","robots":{"index":"index","follow":"follow","max-snippet":"max-snippet:-1","max-image-preview":"max-image-preview:large","max-video-preview":"max-video-preview:-1"},"canonical":"https:\/\/www.dejongsleen.nl\/pt-pt\/o-premio-tjeerd-de-jong\/2011-2\/","og_locale":"pt_PT","og_type":"article","og_title":"2011 - Stichting Gebrs. de Jong&#039;s Leen","og_description":"[vc_row type=&#8221;in_container&#8221; full_screen_row_position=&#8221;middle&#8221; column_margin=&#8221;default&#8221; column_direction=&#8221;default&#8221; column_direction_tablet=&#8221;default&#8221; column_direction_phone=&#8221;default&#8221; scene_position=&#8221;center&#8221; text_color=&#8221;dark&#8221; text_align=&#8221;left&#8221; row_border_radius=&#8221;none&#8221; row_border_radius_applies=&#8221;bg&#8221; overlay_strength=&#8221;0.3&#8243; gradient_direction=&#8221;left_to_right&#8221; shape_divider_position=&#8221;bottom&#8221; bg_image_animation=&#8221;none&#8221;][vc_column column_padding=&#8221;no-extra-padding&#8221; column_padding_tablet=&#8221;inherit&#8221; column_padding_phone=&#8221;inherit&#8221; column_padding_position=&#8221;all&#8221; column_element_spacing=&#8221;default&#8221; background_color_opacity=&#8221;1&#8243; background_hover_color_opacity=&#8221;1&#8243; column_shadow=&#8221;none&#8221; column_border_radius=&#8221;none&#8221; column_link_target=&#8221;_self&#8221; gradient_direction=&#8221;left_to_right&#8221; overlay_strength=&#8221;0.3&#8243; width=&#8221;1\/1&#8243; tablet_width_inherit=&#8221;default&#8221;...","og_url":"https:\/\/www.dejongsleen.nl\/pt-pt\/o-premio-tjeerd-de-jong\/2011-2\/","og_site_name":"Stichting Gebrs. de Jong&#039;s Leen","article_modified_time":"2022-03-23T08:08:59+00:00","og_image":[{"url":"https:\/\/www.dejongsleen.nl\/media\/cms_page_media\/29\/Uitreiking%20TjdJprijs%202011%2004112011%20website%20600%20pxls_1.jpg","type":"","width":"","height":""}],"twitter_card":"summary_large_image","twitter_misc":{"Tempo estimado de leitura":"7 minutos"},"schema":{"@context":"https:\/\/schema.org","@graph":[{"@type":"WebPage","@id":"https:\/\/www.dejongsleen.nl\/pt-pt\/o-premio-tjeerd-de-jong\/2011-2\/","url":"https:\/\/www.dejongsleen.nl\/pt-pt\/o-premio-tjeerd-de-jong\/2011-2\/","name":"2011 - Stichting Gebrs. de Jong&#039;s Leen","isPartOf":{"@id":"https:\/\/www.dejongsleen.nl\/nl\/#website"},"primaryImageOfPage":{"@id":"https:\/\/www.dejongsleen.nl\/pt-pt\/o-premio-tjeerd-de-jong\/2011-2\/#primaryimage"},"image":{"@id":"https:\/\/www.dejongsleen.nl\/pt-pt\/o-premio-tjeerd-de-jong\/2011-2\/#primaryimage"},"thumbnailUrl":"https:\/\/www.dejongsleen.nl\/media\/cms_page_media\/29\/Uitreiking%20TjdJprijs%202011%2004112011%20website%20600%20pxls_1.jpg","datePublished":"2022-03-22T10:40:22+00:00","dateModified":"2022-03-23T08:08:59+00:00","breadcrumb":{"@id":"https:\/\/www.dejongsleen.nl\/pt-pt\/o-premio-tjeerd-de-jong\/2011-2\/#breadcrumb"},"inLanguage":"pt-PT","potentialAction":[{"@type":"ReadAction","target":["https:\/\/www.dejongsleen.nl\/pt-pt\/o-premio-tjeerd-de-jong\/2011-2\/"]}]},{"@type":"ImageObject","inLanguage":"pt-PT","@id":"https:\/\/www.dejongsleen.nl\/pt-pt\/o-premio-tjeerd-de-jong\/2011-2\/#primaryimage","url":"https:\/\/www.dejongsleen.nl\/media\/cms_page_media\/29\/Uitreiking%20TjdJprijs%202011%2004112011%20website%20600%20pxls_1.jpg","contentUrl":"https:\/\/www.dejongsleen.nl\/media\/cms_page_media\/29\/Uitreiking%20TjdJprijs%202011%2004112011%20website%20600%20pxls_1.jpg"},{"@type":"BreadcrumbList","@id":"https:\/\/www.dejongsleen.nl\/pt-pt\/o-premio-tjeerd-de-jong\/2011-2\/#breadcrumb","itemListElement":[{"@type":"ListItem","position":1,"name":"Home","item":"https:\/\/www.dejongsleen.nl\/pt-pt\/"},{"@type":"ListItem","position":2,"name":"O premio Tjeerd de Jong","item":"https:\/\/www.dejongsleen.nl\/pt-pt\/o-premio-tjeerd-de-jong\/"},{"@type":"ListItem","position":3,"name":"2011"}]},{"@type":"WebSite","@id":"https:\/\/www.dejongsleen.nl\/nl\/#website","url":"https:\/\/www.dejongsleen.nl\/nl\/","name":"Stichting Gebrs. de Jong&#039;s Leen","description":"","potentialAction":[{"@type":"SearchAction","target":{"@type":"EntryPoint","urlTemplate":"https:\/\/www.dejongsleen.nl\/nl\/?s={search_term_string}"},"query-input":{"@type":"PropertyValueSpecification","valueRequired":true,"valueName":"search_term_string"}}],"inLanguage":"pt-PT"}]}},"_links":{"self":[{"href":"https:\/\/www.dejongsleen.nl\/pt-pt\/wp-json\/wp\/v2\/pages\/7023","targetHints":{"allow":["GET"]}}],"collection":[{"href":"https:\/\/www.dejongsleen.nl\/pt-pt\/wp-json\/wp\/v2\/pages"}],"about":[{"href":"https:\/\/www.dejongsleen.nl\/pt-pt\/wp-json\/wp\/v2\/types\/page"}],"author":[{"embeddable":true,"href":"https:\/\/www.dejongsleen.nl\/pt-pt\/wp-json\/wp\/v2\/users\/1"}],"replies":[{"embeddable":true,"href":"https:\/\/www.dejongsleen.nl\/pt-pt\/wp-json\/wp\/v2\/comments?post=7023"}],"version-history":[{"count":3,"href":"https:\/\/www.dejongsleen.nl\/pt-pt\/wp-json\/wp\/v2\/pages\/7023\/revisions"}],"predecessor-version":[{"id":7026,"href":"https:\/\/www.dejongsleen.nl\/pt-pt\/wp-json\/wp\/v2\/pages\/7023\/revisions\/7026"}],"up":[{"embeddable":true,"href":"https:\/\/www.dejongsleen.nl\/pt-pt\/wp-json\/wp\/v2\/pages\/7015"}],"wp:attachment":[{"href":"https:\/\/www.dejongsleen.nl\/pt-pt\/wp-json\/wp\/v2\/media?parent=7023"}],"curies":[{"name":"wp","href":"https:\/\/api.w.org\/{rel}","templated":true}]}}