{"id":7015,"date":"2022-03-22T11:17:20","date_gmt":"2022-03-22T10:17:20","guid":{"rendered":"http:\/\/dejongsleen.practicom.website\/?page_id=7015"},"modified":"2022-03-23T09:02:20","modified_gmt":"2022-03-23T08:02:20","slug":"o-premio-tjeerd-de-jong","status":"publish","type":"page","link":"https:\/\/www.dejongsleen.nl\/pt-pt\/o-premio-tjeerd-de-jong\/","title":{"rendered":"O premio Tjeerd de Jong"},"content":{"rendered":"[vc_row type=&#8221;in_container&#8221; full_screen_row_position=&#8221;middle&#8221; column_margin=&#8221;default&#8221; column_direction=&#8221;default&#8221; column_direction_tablet=&#8221;default&#8221; column_direction_phone=&#8221;default&#8221; scene_position=&#8221;center&#8221; text_color=&#8221;dark&#8221; text_align=&#8221;left&#8221; row_border_radius=&#8221;none&#8221; row_border_radius_applies=&#8221;bg&#8221; overlay_strength=&#8221;0.3&#8243; gradient_direction=&#8221;left_to_right&#8221; shape_divider_position=&#8221;bottom&#8221; bg_image_animation=&#8221;none&#8221;][vc_column column_padding=&#8221;no-extra-padding&#8221; column_padding_tablet=&#8221;inherit&#8221; column_padding_phone=&#8221;inherit&#8221; column_padding_position=&#8221;all&#8221; column_element_spacing=&#8221;default&#8221; background_color_opacity=&#8221;1&#8243; background_hover_color_opacity=&#8221;1&#8243; column_shadow=&#8221;none&#8221; column_border_radius=&#8221;none&#8221; column_link_target=&#8221;_self&#8221; gradient_direction=&#8221;left_to_right&#8221; overlay_strength=&#8221;0.3&#8243; width=&#8221;1\/1&#8243; tablet_width_inherit=&#8221;default&#8221; tablet_text_alignment=&#8221;default&#8221; phone_text_alignment=&#8221;default&#8221; bg_image_animation=&#8221;none&#8221; border_type=&#8221;simple&#8221; column_border_width=&#8221;none&#8221; column_border_style=&#8221;solid&#8221;][divider line_type=&#8221;No Line&#8221; custom_height=&#8221;30&#8243;][\/vc_column][\/vc_row][vc_row type=&#8221;full_width_background&#8221; full_screen_row_position=&#8221;middle&#8221; column_margin=&#8221;default&#8221; column_direction=&#8221;default&#8221; column_direction_tablet=&#8221;default&#8221; column_direction_phone=&#8221;default&#8221; bg_color=&#8221;#009fe3&#8243; scene_position=&#8221;center&#8221; top_padding=&#8221;30px&#8221; constrain_group_1=&#8221;yes&#8221; bottom_padding=&#8221;30px&#8221; left_padding_desktop=&#8221;20px&#8221; constrain_group_2=&#8221;yes&#8221; right_padding_desktop=&#8221;20px&#8221; text_color=&#8221;light&#8221; text_align=&#8221;left&#8221; row_border_radius=&#8221;none&#8221; row_border_radius_applies=&#8221;bg&#8221; id=&#8221;intro&#8221; overlay_strength=&#8221;0.3&#8243; gradient_direction=&#8221;left_to_right&#8221; shape_divider_position=&#8221;bottom&#8221; bg_image_animation=&#8221;none&#8221; shape_type=&#8221;&#8221;][vc_column column_padding=&#8221;no-extra-padding&#8221; column_padding_tablet=&#8221;inherit&#8221; column_padding_phone=&#8221;inherit&#8221; column_padding_position=&#8221;all&#8221; column_element_spacing=&#8221;default&#8221; background_color_opacity=&#8221;1&#8243; background_hover_color_opacity=&#8221;1&#8243; column_shadow=&#8221;none&#8221; column_border_radius=&#8221;none&#8221; column_link_target=&#8221;_self&#8221; gradient_direction=&#8221;left_to_right&#8221; overlay_strength=&#8221;0.3&#8243; width=&#8221;1\/1&#8243; tablet_width_inherit=&#8221;default&#8221; tablet_text_alignment=&#8221;default&#8221; phone_text_alignment=&#8221;default&#8221; bg_image_animation=&#8221;none&#8221; border_type=&#8221;simple&#8221; column_border_width=&#8221;none&#8221; column_border_style=&#8221;solid&#8221;][vc_column_text]\n<h2>O Pr\u00eamio Tjeerd de Jong<\/h2>\n[\/vc_column_text][vc_column_text]Em 2011, a Funda\u00e7\u00e3o Gebroeders de Jong\u2019s Leen cumpriu 90 anos de exist\u00eancia. Foi neste contexto que a funda\u00e7\u00e3o, em colabora\u00e7\u00e3o com a Universidade de Wageningen, criou o Pr\u00eamio Tjeerd de Jong. O pr\u00eamio foi batizado com o nome de Tjeerd, o mais idoso dos irm\u00e3os De Jong, e \u00e9 entregue anualmente a partir de 2011, em Wageningen, durante o outono europeu.[\/vc_column_text][\/vc_column][\/vc_row][vc_row type=&#8221;full_width_background&#8221; full_screen_row_position=&#8221;middle&#8221; column_margin=&#8221;default&#8221; column_direction=&#8221;default&#8221; column_direction_tablet=&#8221;default&#8221; column_direction_phone=&#8221;default&#8221; bg_image=&#8221;6647&#8243; bg_position=&#8221;right bottom&#8221; background_image_loading=&#8221;default&#8221; bg_repeat=&#8221;no-repeat&#8221; scene_position=&#8221;center&#8221; top_padding=&#8221;30px&#8221; text_color=&#8221;dark&#8221; text_align=&#8221;left&#8221; row_border_radius=&#8221;none&#8221; row_border_radius_applies=&#8221;bg&#8221; color_overlay=&#8221;#f8f8f8&#8243; color_overlay_2=&#8221;#f8f8f8&#8243; overlay_strength=&#8221;0.8&#8243; gradient_direction=&#8221;left_to_right&#8221; shape_divider_position=&#8221;bottom&#8221; bg_image_animation=&#8221;none&#8221; shape_type=&#8221;&#8221;][vc_column column_padding=&#8221;no-extra-padding&#8221; column_padding_tablet=&#8221;inherit&#8221; column_padding_phone=&#8221;inherit&#8221; column_padding_position=&#8221;all&#8221; column_element_spacing=&#8221;default&#8221; background_color_opacity=&#8221;1&#8243; background_hover_color_opacity=&#8221;1&#8243; column_shadow=&#8221;none&#8221; column_border_radius=&#8221;none&#8221; column_link_target=&#8221;_self&#8221; gradient_direction=&#8221;left_to_right&#8221; overlay_strength=&#8221;0.3&#8243; width=&#8221;1\/1&#8243; tablet_width_inherit=&#8221;default&#8221; tablet_text_alignment=&#8221;default&#8221; phone_text_alignment=&#8221;default&#8221; bg_image_animation=&#8221;none&#8221; border_type=&#8221;simple&#8221; column_border_width=&#8221;none&#8221; column_border_style=&#8221;solid&#8221;][vc_row_inner column_margin=&#8221;default&#8221; column_direction=&#8221;default&#8221; column_direction_tablet=&#8221;default&#8221; column_direction_phone=&#8221;default&#8221; text_align=&#8221;left&#8221;][vc_column_inner column_padding=&#8221;no-extra-padding&#8221; column_padding_tablet=&#8221;inherit&#8221; column_padding_phone=&#8221;inherit&#8221; column_padding_position=&#8221;all&#8221; column_element_spacing=&#8221;default&#8221; background_color_opacity=&#8221;1&#8243; background_hover_color_opacity=&#8221;1&#8243; column_shadow=&#8221;none&#8221; column_border_radius=&#8221;none&#8221; column_link_target=&#8221;_self&#8221; gradient_direction=&#8221;left_to_right&#8221; overlay_strength=&#8221;0.3&#8243; width=&#8221;1\/1&#8243; tablet_width_inherit=&#8221;default&#8221; bg_image_animation=&#8221;none&#8221; border_type=&#8221;simple&#8221; column_border_width=&#8221;none&#8221; column_border_style=&#8221;solid&#8221;][image_with_animation image_url=&#8221;6770&#8243; animation=&#8221;Fade In&#8221; hover_animation=&#8221;none&#8221; alignment=&#8221;&#8221; border_radius=&#8221;none&#8221; box_shadow=&#8221;none&#8221; image_loading=&#8221;default&#8221; max_width=&#8221;100%&#8221; max_width_mobile=&#8221;default&#8221;][\/vc_column_inner][\/vc_row_inner][vc_row_inner column_margin=&#8221;default&#8221; column_direction=&#8221;default&#8221; column_direction_tablet=&#8221;default&#8221; column_direction_phone=&#8221;default&#8221; text_align=&#8221;left&#8221;][vc_column_inner column_padding=&#8221;no-extra-padding&#8221; column_padding_tablet=&#8221;inherit&#8221; column_padding_phone=&#8221;inherit&#8221; column_padding_position=&#8221;all&#8221; column_element_spacing=&#8221;default&#8221; background_color_opacity=&#8221;1&#8243; background_hover_color_opacity=&#8221;1&#8243; column_shadow=&#8221;none&#8221; column_border_radius=&#8221;none&#8221; column_link_target=&#8221;_self&#8221; gradient_direction=&#8221;left_to_right&#8221; overlay_strength=&#8221;0.3&#8243; width=&#8221;1\/1&#8243; tablet_width_inherit=&#8221;default&#8221; bg_image_animation=&#8221;none&#8221; border_type=&#8221;simple&#8221; column_border_width=&#8221;none&#8221; column_border_style=&#8221;solid&#8221;][vc_column_text]\n<h3>Sobre o pr\u00eamio<\/h3>\n[\/vc_column_text][vc_column_text]O Pr\u00eamio Tjeerd de Jong \u00e9 um pr\u00eamio para pesquisas cient\u00edficas nas \u00e1reas de Pecu\u00e1ria e Economia, e serve como est\u00edmulo para estudantes excelentes do Mestrado em Ci\u00eancias na Universidade de Wageningen, para estimular a execu\u00e7\u00e3o e aprofundamento de uma pesquisa ou id\u00e9ia especial.<\/p>\n<p>S\u00e3o nomeados no m\u00e1ximo tr\u00eas estudantes do curso de Ci\u00eancias Animais da Universidade de Wageningen, que, durante a fase final de seus estudos, participam do grupo de Pesquisa de Mestrado (Research Master Cluster). No contexto desta mat\u00e9ria, eles formulam uma proposta para seus pr\u00f3prios projetos de pesquisa. Com seus projetos de pesquisa e suas propostas de execu\u00e7\u00e3o destes projetos, os nominados concorrem ao pr\u00eamio. O vencedor recebe uma quantia em dinheiro. Al\u00e9m disso, todos os nominados recebem um certificado e uma lembran\u00e7a.[\/vc_column_text][image_with_animation image_url=&#8221;6771&#8243; animation=&#8221;Fade In&#8221; hover_animation=&#8221;none&#8221; alignment=&#8221;&#8221; border_radius=&#8221;none&#8221; box_shadow=&#8221;none&#8221; image_loading=&#8221;default&#8221; max_width=&#8221;100%&#8221; max_width_mobile=&#8221;default&#8221;][vc_column_text]<em>H\u00e1 folhetos em circula\u00e7\u00e3o, contendo informa\u00e7\u00f5es sobre a funda\u00e7\u00e3o e o Pr\u00eamio Tjeerd de Jong.<\/em>[\/vc_column_text][\/vc_column_inner][\/vc_row_inner][vc_row_inner column_margin=&#8221;default&#8221; column_direction=&#8221;default&#8221; column_direction_tablet=&#8221;default&#8221; column_direction_phone=&#8221;default&#8221; text_align=&#8221;left&#8221;][vc_column_inner column_padding=&#8221;no-extra-padding&#8221; column_padding_tablet=&#8221;inherit&#8221; column_padding_phone=&#8221;inherit&#8221; column_padding_position=&#8221;all&#8221; column_element_spacing=&#8221;default&#8221; background_color_opacity=&#8221;1&#8243; background_hover_color_opacity=&#8221;1&#8243; column_shadow=&#8221;none&#8221; column_border_radius=&#8221;none&#8221; column_link_target=&#8221;_self&#8221; gradient_direction=&#8221;left_to_right&#8221; overlay_strength=&#8221;0.3&#8243; width=&#8221;1\/1&#8243; tablet_width_inherit=&#8221;default&#8221; bg_image_animation=&#8221;none&#8221; border_type=&#8221;simple&#8221; column_border_width=&#8221;none&#8221; column_border_style=&#8221;solid&#8221;][vc_column_text]\n<h3>Os jurados<\/h3>\n[\/vc_column_text][vc_column_text]O j\u00fari consiste de quatro membros. Dois jurados cient\u00edficos s\u00e3o professores envolvidos com o curso de Ci\u00eancias Animais da universidade. Professor Dr. Engo Johan van Arendonk \u00e9 um deles. Os outros dois jurados prov\u00e9m da funda\u00e7\u00e3o. S\u00e3o o Herre Kingma, presidente da funda\u00e7\u00e3o, e Eelco de Graaf, respons\u00e1vel pela inspe\u00e7\u00e3o do progresso nos estudos dos bolsistas.[\/vc_column_text][\/vc_column_inner][\/vc_row_inner][vc_row_inner column_margin=&#8221;default&#8221; column_direction=&#8221;default&#8221; column_direction_tablet=&#8221;default&#8221; column_direction_phone=&#8221;default&#8221; bottom_padding=&#8221;60px&#8221; text_align=&#8221;left&#8221;][vc_column_inner column_padding=&#8221;no-extra-padding&#8221; column_padding_tablet=&#8221;inherit&#8221; column_padding_phone=&#8221;inherit&#8221; column_padding_position=&#8221;all&#8221; column_element_spacing=&#8221;default&#8221; background_color_opacity=&#8221;1&#8243; background_hover_color_opacity=&#8221;1&#8243; column_shadow=&#8221;none&#8221; column_border_radius=&#8221;none&#8221; column_link_target=&#8221;_self&#8221; gradient_direction=&#8221;left_to_right&#8221; overlay_strength=&#8221;0.3&#8243; width=&#8221;1\/1&#8243; tablet_width_inherit=&#8221;default&#8221; bg_image_animation=&#8221;none&#8221; border_type=&#8221;simple&#8221; column_border_width=&#8221;none&#8221; column_border_style=&#8221;solid&#8221;][vc_column_text]\n<h3>A entrega do pr\u00eamio<\/h3>\n[\/vc_column_text][vc_column_text]O pr\u00eamio \u00e9 entregue na segunda metade do ano, na salas do conselho da dire\u00e7\u00e3o da Wageningen UR. A cerim\u00f4nia \u00e9 aberta a convidados da funda\u00e7\u00e3o, funcion\u00e1rios e estudantes da universidade e familiares, amigos e conhecidos dos estudantes nominados.<\/p>\n<p>A entrega segue a um protocolo fixo. Ap\u00f3s os discursos introdut\u00f3rios, a palavra \u00e9 passada aos nominados. Cada nominado faz uma apresenta\u00e7\u00e3o de alguns minutos, explicando seu plano de pesquisa. Ap\u00f3s cada apresenta\u00e7\u00e3o, o p\u00fablico e os jurados tem a oportunidade de fazer perguntas. Depois das apresenta\u00e7\u00f5es pelos tr\u00eas nominados e as respostas \u00e0s perguntas, os jurados se recolhem para delibera\u00e7\u00e3o.<\/p>\n<p>O vencedor do Pr\u00eamio Tjeerd de Jong recebe uma quantia em dinheiro de 2.000 euros. Esta \u00e9 entregue durante a cerim\u00f4nia, em forma de um cheque simb\u00f3lico. Todos os nominados recebem uma lembran\u00e7a na forma de um copo com representa\u00e7\u00e3o de uma vaca, em cer\u00e2mica de Makkum, al\u00e9m de um certificado. Ap\u00f3s a parte oficial, todos os presentes t\u00eam a oportunidade para conversar e desfrutar um aperitivo e petiscos, no \u00e1trio da universidade.[\/vc_column_text][image_with_animation image_url=&#8221;6772&#8243; animation=&#8221;Fade In&#8221; hover_animation=&#8221;none&#8221; alignment=&#8221;&#8221; border_radius=&#8221;none&#8221; box_shadow=&#8221;none&#8221; image_loading=&#8221;default&#8221; max_width=&#8221;100%&#8221; max_width_mobile=&#8221;default&#8221;][\/vc_column_inner][\/vc_row_inner][\/vc_column][\/vc_row]\n","protected":false},"excerpt":{"rendered":"<p>[vc_row type=&#8221;in_container&#8221; full_screen_row_position=&#8221;middle&#8221; column_margin=&#8221;default&#8221; column_direction=&#8221;default&#8221; column_direction_tablet=&#8221;default&#8221; column_direction_phone=&#8221;default&#8221; scene_position=&#8221;center&#8221; text_color=&#8221;dark&#8221; text_align=&#8221;left&#8221; row_border_radius=&#8221;none&#8221; row_border_radius_applies=&#8221;bg&#8221; overlay_strength=&#8221;0.3&#8243; gradient_direction=&#8221;left_to_right&#8221; shape_divider_position=&#8221;bottom&#8221; bg_image_animation=&#8221;none&#8221;][vc_column column_padding=&#8221;no-extra-padding&#8221; column_padding_tablet=&#8221;inherit&#8221; column_padding_phone=&#8221;inherit&#8221; column_padding_position=&#8221;all&#8221; column_element_spacing=&#8221;default&#8221; background_color_opacity=&#8221;1&#8243; background_hover_color_opacity=&#8221;1&#8243; column_shadow=&#8221;none&#8221; column_border_radius=&#8221;none&#8221; column_link_target=&#8221;_self&#8221; gradient_direction=&#8221;left_to_right&#8221; overlay_strength=&#8221;0.3&#8243; width=&#8221;1\/1&#8243; tablet_width_inherit=&#8221;default&#8221;&#8230;<\/p>\n","protected":false},"author":1,"featured_media":0,"parent":0,"menu_order":0,"comment_status":"closed","ping_status":"closed","template":"","meta":{"footnotes":""},"class_list":["post-7015","page","type-page","status-publish"],"yoast_head":"<!-- This site is optimized with the Yoast SEO plugin v26.8 - https:\/\/yoast.com\/product\/yoast-seo-wordpress\/ -->\n<title>O premio Tjeerd de Jong - Stichting Gebrs. de Jong&#039;s Leen<\/title>\n<meta name=\"robots\" content=\"index, follow, max-snippet:-1, max-image-preview:large, max-video-preview:-1\" \/>\n<link rel=\"canonical\" href=\"https:\/\/www.dejongsleen.nl\/pt-pt\/o-premio-tjeerd-de-jong\/\" \/>\n<meta property=\"og:locale\" content=\"pt_PT\" \/>\n<meta property=\"og:type\" content=\"article\" \/>\n<meta property=\"og:title\" content=\"O premio Tjeerd de Jong - Stichting Gebrs. de Jong&#039;s Leen\" \/>\n<meta property=\"og:description\" content=\"[vc_row type=&#8221;in_container&#8221; full_screen_row_position=&#8221;middle&#8221; column_margin=&#8221;default&#8221; column_direction=&#8221;default&#8221; column_direction_tablet=&#8221;default&#8221; column_direction_phone=&#8221;default&#8221; scene_position=&#8221;center&#8221; text_color=&#8221;dark&#8221; text_align=&#8221;left&#8221; row_border_radius=&#8221;none&#8221; row_border_radius_applies=&#8221;bg&#8221; overlay_strength=&#8221;0.3&#8243; gradient_direction=&#8221;left_to_right&#8221; shape_divider_position=&#8221;bottom&#8221; bg_image_animation=&#8221;none&#8221;][vc_column column_padding=&#8221;no-extra-padding&#8221; column_padding_tablet=&#8221;inherit&#8221; column_padding_phone=&#8221;inherit&#8221; column_padding_position=&#8221;all&#8221; column_element_spacing=&#8221;default&#8221; background_color_opacity=&#8221;1&#8243; background_hover_color_opacity=&#8221;1&#8243; column_shadow=&#8221;none&#8221; column_border_radius=&#8221;none&#8221; column_link_target=&#8221;_self&#8221; gradient_direction=&#8221;left_to_right&#8221; overlay_strength=&#8221;0.3&#8243; width=&#8221;1\/1&#8243; tablet_width_inherit=&#8221;default&#8221;...\" \/>\n<meta property=\"og:url\" content=\"https:\/\/www.dejongsleen.nl\/pt-pt\/o-premio-tjeerd-de-jong\/\" \/>\n<meta property=\"og:site_name\" content=\"Stichting Gebrs. de Jong&#039;s Leen\" \/>\n<meta property=\"article:modified_time\" content=\"2022-03-23T08:02:20+00:00\" \/>\n<meta name=\"twitter:card\" content=\"summary_large_image\" \/>\n<meta name=\"twitter:label1\" content=\"Tempo estimado de leitura\" \/>\n\t<meta name=\"twitter:data1\" content=\"7 minutos\" \/>\n<script type=\"application\/ld+json\" class=\"yoast-schema-graph\">{\"@context\":\"https:\/\/schema.org\",\"@graph\":[{\"@type\":\"WebPage\",\"@id\":\"https:\/\/www.dejongsleen.nl\/pt-pt\/o-premio-tjeerd-de-jong\/\",\"url\":\"https:\/\/www.dejongsleen.nl\/pt-pt\/o-premio-tjeerd-de-jong\/\",\"name\":\"O premio Tjeerd de Jong - Stichting Gebrs. de Jong&#039;s Leen\",\"isPartOf\":{\"@id\":\"https:\/\/www.dejongsleen.nl\/nl\/#website\"},\"datePublished\":\"2022-03-22T10:17:20+00:00\",\"dateModified\":\"2022-03-23T08:02:20+00:00\",\"breadcrumb\":{\"@id\":\"https:\/\/www.dejongsleen.nl\/pt-pt\/o-premio-tjeerd-de-jong\/#breadcrumb\"},\"inLanguage\":\"pt-PT\",\"potentialAction\":[{\"@type\":\"ReadAction\",\"target\":[\"https:\/\/www.dejongsleen.nl\/pt-pt\/o-premio-tjeerd-de-jong\/\"]}]},{\"@type\":\"BreadcrumbList\",\"@id\":\"https:\/\/www.dejongsleen.nl\/pt-pt\/o-premio-tjeerd-de-jong\/#breadcrumb\",\"itemListElement\":[{\"@type\":\"ListItem\",\"position\":1,\"name\":\"Home\",\"item\":\"https:\/\/www.dejongsleen.nl\/pt-pt\/\"},{\"@type\":\"ListItem\",\"position\":2,\"name\":\"O premio Tjeerd de Jong\"}]},{\"@type\":\"WebSite\",\"@id\":\"https:\/\/www.dejongsleen.nl\/nl\/#website\",\"url\":\"https:\/\/www.dejongsleen.nl\/nl\/\",\"name\":\"Stichting Gebrs. de Jong&#039;s Leen\",\"description\":\"\",\"potentialAction\":[{\"@type\":\"SearchAction\",\"target\":{\"@type\":\"EntryPoint\",\"urlTemplate\":\"https:\/\/www.dejongsleen.nl\/nl\/?s={search_term_string}\"},\"query-input\":{\"@type\":\"PropertyValueSpecification\",\"valueRequired\":true,\"valueName\":\"search_term_string\"}}],\"inLanguage\":\"pt-PT\"}]}<\/script>\n<!-- \/ Yoast SEO plugin. -->","yoast_head_json":{"title":"O premio Tjeerd de Jong - Stichting Gebrs. de Jong&#039;s Leen","robots":{"index":"index","follow":"follow","max-snippet":"max-snippet:-1","max-image-preview":"max-image-preview:large","max-video-preview":"max-video-preview:-1"},"canonical":"https:\/\/www.dejongsleen.nl\/pt-pt\/o-premio-tjeerd-de-jong\/","og_locale":"pt_PT","og_type":"article","og_title":"O premio Tjeerd de Jong - Stichting Gebrs. de Jong&#039;s Leen","og_description":"[vc_row type=&#8221;in_container&#8221; full_screen_row_position=&#8221;middle&#8221; column_margin=&#8221;default&#8221; column_direction=&#8221;default&#8221; column_direction_tablet=&#8221;default&#8221; column_direction_phone=&#8221;default&#8221; scene_position=&#8221;center&#8221; text_color=&#8221;dark&#8221; text_align=&#8221;left&#8221; row_border_radius=&#8221;none&#8221; row_border_radius_applies=&#8221;bg&#8221; overlay_strength=&#8221;0.3&#8243; gradient_direction=&#8221;left_to_right&#8221; shape_divider_position=&#8221;bottom&#8221; bg_image_animation=&#8221;none&#8221;][vc_column column_padding=&#8221;no-extra-padding&#8221; column_padding_tablet=&#8221;inherit&#8221; column_padding_phone=&#8221;inherit&#8221; column_padding_position=&#8221;all&#8221; column_element_spacing=&#8221;default&#8221; background_color_opacity=&#8221;1&#8243; background_hover_color_opacity=&#8221;1&#8243; column_shadow=&#8221;none&#8221; column_border_radius=&#8221;none&#8221; column_link_target=&#8221;_self&#8221; gradient_direction=&#8221;left_to_right&#8221; overlay_strength=&#8221;0.3&#8243; width=&#8221;1\/1&#8243; tablet_width_inherit=&#8221;default&#8221;...","og_url":"https:\/\/www.dejongsleen.nl\/pt-pt\/o-premio-tjeerd-de-jong\/","og_site_name":"Stichting Gebrs. de Jong&#039;s Leen","article_modified_time":"2022-03-23T08:02:20+00:00","twitter_card":"summary_large_image","twitter_misc":{"Tempo estimado de leitura":"7 minutos"},"schema":{"@context":"https:\/\/schema.org","@graph":[{"@type":"WebPage","@id":"https:\/\/www.dejongsleen.nl\/pt-pt\/o-premio-tjeerd-de-jong\/","url":"https:\/\/www.dejongsleen.nl\/pt-pt\/o-premio-tjeerd-de-jong\/","name":"O premio Tjeerd de Jong - Stichting Gebrs. de Jong&#039;s Leen","isPartOf":{"@id":"https:\/\/www.dejongsleen.nl\/nl\/#website"},"datePublished":"2022-03-22T10:17:20+00:00","dateModified":"2022-03-23T08:02:20+00:00","breadcrumb":{"@id":"https:\/\/www.dejongsleen.nl\/pt-pt\/o-premio-tjeerd-de-jong\/#breadcrumb"},"inLanguage":"pt-PT","potentialAction":[{"@type":"ReadAction","target":["https:\/\/www.dejongsleen.nl\/pt-pt\/o-premio-tjeerd-de-jong\/"]}]},{"@type":"BreadcrumbList","@id":"https:\/\/www.dejongsleen.nl\/pt-pt\/o-premio-tjeerd-de-jong\/#breadcrumb","itemListElement":[{"@type":"ListItem","position":1,"name":"Home","item":"https:\/\/www.dejongsleen.nl\/pt-pt\/"},{"@type":"ListItem","position":2,"name":"O premio Tjeerd de Jong"}]},{"@type":"WebSite","@id":"https:\/\/www.dejongsleen.nl\/nl\/#website","url":"https:\/\/www.dejongsleen.nl\/nl\/","name":"Stichting Gebrs. de Jong&#039;s Leen","description":"","potentialAction":[{"@type":"SearchAction","target":{"@type":"EntryPoint","urlTemplate":"https:\/\/www.dejongsleen.nl\/nl\/?s={search_term_string}"},"query-input":{"@type":"PropertyValueSpecification","valueRequired":true,"valueName":"search_term_string"}}],"inLanguage":"pt-PT"}]}},"_links":{"self":[{"href":"https:\/\/www.dejongsleen.nl\/pt-pt\/wp-json\/wp\/v2\/pages\/7015","targetHints":{"allow":["GET"]}}],"collection":[{"href":"https:\/\/www.dejongsleen.nl\/pt-pt\/wp-json\/wp\/v2\/pages"}],"about":[{"href":"https:\/\/www.dejongsleen.nl\/pt-pt\/wp-json\/wp\/v2\/types\/page"}],"author":[{"embeddable":true,"href":"https:\/\/www.dejongsleen.nl\/pt-pt\/wp-json\/wp\/v2\/users\/1"}],"replies":[{"embeddable":true,"href":"https:\/\/www.dejongsleen.nl\/pt-pt\/wp-json\/wp\/v2\/comments?post=7015"}],"version-history":[{"count":3,"href":"https:\/\/www.dejongsleen.nl\/pt-pt\/wp-json\/wp\/v2\/pages\/7015\/revisions"}],"predecessor-version":[{"id":7018,"href":"https:\/\/www.dejongsleen.nl\/pt-pt\/wp-json\/wp\/v2\/pages\/7015\/revisions\/7018"}],"wp:attachment":[{"href":"https:\/\/www.dejongsleen.nl\/pt-pt\/wp-json\/wp\/v2\/media?parent=7015"}],"curies":[{"name":"wp","href":"https:\/\/api.w.org\/{rel}","templated":true}]}}