{"id":7006,"date":"2022-03-22T11:02:44","date_gmt":"2022-03-22T10:02:44","guid":{"rendered":"http:\/\/dejongsleen.practicom.website\/?page_id=7006"},"modified":"2022-03-23T08:32:47","modified_gmt":"2022-03-23T07:32:47","slug":"vistoria","status":"publish","type":"page","link":"https:\/\/www.dejongsleen.nl\/pt-pt\/quem-somos\/vistoria\/","title":{"rendered":"Vistoria"},"content":{"rendered":"[vc_row type=&#8221;in_container&#8221; full_screen_row_position=&#8221;middle&#8221; column_margin=&#8221;default&#8221; column_direction=&#8221;default&#8221; column_direction_tablet=&#8221;default&#8221; column_direction_phone=&#8221;default&#8221; scene_position=&#8221;center&#8221; text_color=&#8221;dark&#8221; text_align=&#8221;left&#8221; row_border_radius=&#8221;none&#8221; row_border_radius_applies=&#8221;bg&#8221; overlay_strength=&#8221;0.3&#8243; gradient_direction=&#8221;left_to_right&#8221; shape_divider_position=&#8221;bottom&#8221; bg_image_animation=&#8221;none&#8221;][vc_column column_padding=&#8221;no-extra-padding&#8221; column_padding_tablet=&#8221;inherit&#8221; column_padding_phone=&#8221;inherit&#8221; column_padding_position=&#8221;all&#8221; column_element_spacing=&#8221;default&#8221; background_color_opacity=&#8221;1&#8243; background_hover_color_opacity=&#8221;1&#8243; column_shadow=&#8221;none&#8221; column_border_radius=&#8221;none&#8221; column_link_target=&#8221;_self&#8221; gradient_direction=&#8221;left_to_right&#8221; overlay_strength=&#8221;0.3&#8243; width=&#8221;1\/1&#8243; tablet_width_inherit=&#8221;default&#8221; tablet_text_alignment=&#8221;default&#8221; phone_text_alignment=&#8221;default&#8221; bg_image_animation=&#8221;none&#8221; border_type=&#8221;simple&#8221; column_border_width=&#8221;none&#8221; column_border_style=&#8221;solid&#8221;][divider line_type=&#8221;No Line&#8221; custom_height=&#8221;30&#8243;][\/vc_column][\/vc_row][vc_row type=&#8221;full_width_background&#8221; full_screen_row_position=&#8221;middle&#8221; column_margin=&#8221;default&#8221; column_direction=&#8221;default&#8221; column_direction_tablet=&#8221;default&#8221; column_direction_phone=&#8221;default&#8221; bg_color=&#8221;#009fe3&#8243; scene_position=&#8221;center&#8221; top_padding=&#8221;30px&#8221; constrain_group_1=&#8221;yes&#8221; bottom_padding=&#8221;30px&#8221; left_padding_desktop=&#8221;20px&#8221; constrain_group_2=&#8221;yes&#8221; right_padding_desktop=&#8221;20px&#8221; text_color=&#8221;light&#8221; text_align=&#8221;left&#8221; row_border_radius=&#8221;none&#8221; row_border_radius_applies=&#8221;bg&#8221; id=&#8221;intro&#8221; overlay_strength=&#8221;0.3&#8243; gradient_direction=&#8221;left_to_right&#8221; shape_divider_position=&#8221;bottom&#8221; bg_image_animation=&#8221;none&#8221; shape_type=&#8221;&#8221;][vc_column column_padding=&#8221;no-extra-padding&#8221; column_padding_tablet=&#8221;inherit&#8221; column_padding_phone=&#8221;inherit&#8221; column_padding_position=&#8221;all&#8221; column_element_spacing=&#8221;default&#8221; background_color_opacity=&#8221;1&#8243; background_hover_color_opacity=&#8221;1&#8243; column_shadow=&#8221;none&#8221; column_border_radius=&#8221;none&#8221; column_link_target=&#8221;_self&#8221; gradient_direction=&#8221;left_to_right&#8221; overlay_strength=&#8221;0.3&#8243; width=&#8221;1\/1&#8243; tablet_width_inherit=&#8221;default&#8221; tablet_text_alignment=&#8221;default&#8221; phone_text_alignment=&#8221;default&#8221; bg_image_animation=&#8221;none&#8221; border_type=&#8221;simple&#8221; column_border_width=&#8221;none&#8221; column_border_style=&#8221;solid&#8221;][vc_column_text]\n<h2>Visita aos arrendat\u00e1rios<\/h2>\n[\/vc_column_text][vc_row_inner column_margin=&#8221;default&#8221; column_direction=&#8221;default&#8221; column_direction_tablet=&#8221;default&#8221; column_direction_phone=&#8221;default&#8221; text_align=&#8221;left&#8221;][vc_column_inner column_padding=&#8221;no-extra-padding&#8221; column_padding_tablet=&#8221;inherit&#8221; column_padding_phone=&#8221;inherit&#8221; column_padding_position=&#8221;all&#8221; column_element_spacing=&#8221;default&#8221; background_color_opacity=&#8221;1&#8243; background_hover_color_opacity=&#8221;1&#8243; column_shadow=&#8221;none&#8221; column_border_radius=&#8221;none&#8221; column_link_target=&#8221;_self&#8221; gradient_direction=&#8221;left_to_right&#8221; overlay_strength=&#8221;0.3&#8243; width=&#8221;1\/1&#8243; tablet_width_inherit=&#8221;default&#8221; bg_image_animation=&#8221;none&#8221; border_type=&#8221;simple&#8221; column_border_width=&#8221;none&#8221; column_border_style=&#8221;solid&#8221;][vc_column_text]Na segunda-feira 6 de Agosto de 2012, a dire\u00e7\u00e3o da funda\u00e7\u00e3o e a administradora Eddy Oostra fizeram uma visita aos arrendat\u00e1rios da funda\u00e7\u00e3o. Esta inspe\u00e7\u00e3o havia sido feita pela \u00faltima vez em 1987. Desde ent\u00e3o, as ch\u00e1caras, situadas na Fr\u00edsia, haviam passado para uma nova gera\u00e7\u00e3o de arrendat\u00e1rios, e j\u00e1 era hora de vir a conhec\u00ea-los.[\/vc_column_text][\/vc_column_inner][\/vc_row_inner][\/vc_column][\/vc_row][vc_row type=&#8221;full_width_background&#8221; full_screen_row_position=&#8221;middle&#8221; column_margin=&#8221;default&#8221; column_direction=&#8221;default&#8221; column_direction_tablet=&#8221;default&#8221; column_direction_phone=&#8221;default&#8221; bg_image=&#8221;6647&#8243; bg_position=&#8221;right bottom&#8221; background_image_loading=&#8221;default&#8221; bg_repeat=&#8221;no-repeat&#8221; scene_position=&#8221;center&#8221; top_padding=&#8221;30px&#8221; text_color=&#8221;dark&#8221; text_align=&#8221;left&#8221; row_border_radius=&#8221;none&#8221; row_border_radius_applies=&#8221;bg&#8221; color_overlay=&#8221;#f8f8f8&#8243; color_overlay_2=&#8221;#f8f8f8&#8243; overlay_strength=&#8221;0.8&#8243; gradient_direction=&#8221;left_to_right&#8221; shape_divider_position=&#8221;bottom&#8221; bg_image_animation=&#8221;none&#8221; shape_type=&#8221;&#8221;][vc_column column_padding=&#8221;no-extra-padding&#8221; column_padding_tablet=&#8221;inherit&#8221; column_padding_phone=&#8221;inherit&#8221; column_padding_position=&#8221;all&#8221; column_element_spacing=&#8221;default&#8221; background_color_opacity=&#8221;1&#8243; background_hover_color_opacity=&#8221;1&#8243; column_shadow=&#8221;none&#8221; column_border_radius=&#8221;none&#8221; column_link_target=&#8221;_self&#8221; gradient_direction=&#8221;left_to_right&#8221; overlay_strength=&#8221;0.3&#8243; width=&#8221;1\/1&#8243; tablet_width_inherit=&#8221;default&#8221; tablet_text_alignment=&#8221;default&#8221; phone_text_alignment=&#8221;default&#8221; bg_image_animation=&#8221;none&#8221; border_type=&#8221;simple&#8221; column_border_width=&#8221;none&#8221; column_border_style=&#8221;solid&#8221;][vc_row_inner column_margin=&#8221;default&#8221; column_direction=&#8221;default&#8221; column_direction_tablet=&#8221;default&#8221; column_direction_phone=&#8221;default&#8221; bottom_padding=&#8221;60px&#8221; text_align=&#8221;left&#8221;][vc_column_inner column_padding=&#8221;no-extra-padding&#8221; column_padding_tablet=&#8221;inherit&#8221; column_padding_phone=&#8221;inherit&#8221; column_padding_position=&#8221;all&#8221; column_element_spacing=&#8221;default&#8221; background_color_opacity=&#8221;1&#8243; background_hover_color_opacity=&#8221;1&#8243; column_shadow=&#8221;none&#8221; column_border_radius=&#8221;none&#8221; column_link_target=&#8221;_self&#8221; gradient_direction=&#8221;left_to_right&#8221; overlay_strength=&#8221;0.3&#8243; width=&#8221;1\/1&#8243; tablet_width_inherit=&#8221;default&#8221; bg_image_animation=&#8221;none&#8221; border_type=&#8221;simple&#8221; column_border_width=&#8221;none&#8221; column_border_style=&#8221;solid&#8221;][vc_column_text]O dia foi programado por Eddy Oostra, e previa uma visita ao arrendat\u00e1rio em Rijs pela manh\u00e3. \u00c0 tarde, seriam visitados o arrendat\u00e1rio em Abbega e o arrendat\u00e1rio nas proximidades de Zweins. Ao meio-dia haveria um lanche em Galamadammen.<\/p>\n<p>Quanto ao tempo, naquele dia houve diversos tipos clim\u00e1ticos. Uma frente chuvosa passava por toda a longitude da Fr\u00edsia. Chuvas fortes se alternavam com tempos de sol, at\u00e9 que o c\u00e9u clareou no decorrer da tarde. Quando chegamos ao \u00faltimo arrendat\u00e1rio, perto de Zweins, vimos que ali havia ca\u00eddo muit\u00edssima \u00e1gua.<\/p>\n<p>A recep\u00e7\u00e3o pelos arrendat\u00e1rios e suas fam\u00edlias foi cordial e hospitaleira. Muitos temas foram tratados durante as conversas. Os arrendat\u00e1rios falavam sobre sua ch\u00e1cara e seus planos, a aboli\u00e7\u00e3o das quotas para o leite, as varia\u00e7\u00f5es no pre\u00e7o do leite, cooperativas boas e menos boas, os pre\u00e7os da terra, a venda de estrume e quest\u00f5es de sucess\u00e3o. Eddy Oostra se mostrou um moderador experiente. Um dos membros da dire\u00e7\u00e3o, Erik Meier, demonstrou possuir a experi\u00eancia de trabalho apropriada para que tamb\u00e9m por parte da funda\u00e7\u00e3o se fizessem perguntas sensatas. Mas acima de tudo, estas visitas foram para nos conhecermos num ambiente agrad\u00e1vel.<\/p>\n<p>Todos os arrendat\u00e1rios mostraram suas ch\u00e1caras, numa visita guiada. Juntos examinamos os est\u00e1bulos, as m\u00e1quinas para ordenha, e naturalmente o gado. A vistoria havia come\u00e7ado.<\/p>\n<p>Uma vaca sendo perturbada durante sua refei\u00e7\u00e3o. Quem est\u00e1 vistoriando quem?<\/p>\n<p>Os arrendat\u00e1rios forneceram explica\u00e7\u00f5es sobre a ra\u00e7\u00e3o, silo ou capim fresco, e os efeitos disto para o gado. Sobre os est\u00e1bulos, e as cooperativas que oferecem pre\u00e7os mais altos para o leite, para estimular os produtores a deixarem o gado passar mais tempo ao ar livre. A diferen\u00e7a entre silo e capim fresco \u00e9 evidente, se compararmos a fotografia acima com a seguinte.<\/p>\n<p>Um dos est\u00e1bulos durante uma das visitas guiadas.<br \/>\nCom o arrendat\u00e1rio perto de Zweins se falou principalmente sobre a terra onde, antigamente, havia existido a resid\u00eancia senhorial pertencente ao senhor Kingma. Como reminisc\u00eancia at\u00e9 hoje se nota o pequeno bosque e a marca\u00e7\u00e3o irregular da terra.<\/p>\n<p>Pequeno bosque nas proximidades de Zweins.<\/p>\n<p>A dire\u00e7\u00e3o agradece aos arrendat\u00e1rios e suas esposas, e a Eddy Oostra, por este dia exitoso. N\u00e3o vemos por que dever\u00edamos esperar mais 25 anos para uma pr\u00f3xima vistoria.[\/vc_column_text][\/vc_column_inner][\/vc_row_inner][\/vc_column][\/vc_row]\n","protected":false},"excerpt":{"rendered":"<p>[vc_row type=&#8221;in_container&#8221; full_screen_row_position=&#8221;middle&#8221; column_margin=&#8221;default&#8221; column_direction=&#8221;default&#8221; column_direction_tablet=&#8221;default&#8221; column_direction_phone=&#8221;default&#8221; scene_position=&#8221;center&#8221; text_color=&#8221;dark&#8221; text_align=&#8221;left&#8221; row_border_radius=&#8221;none&#8221; row_border_radius_applies=&#8221;bg&#8221; overlay_strength=&#8221;0.3&#8243; gradient_direction=&#8221;left_to_right&#8221; shape_divider_position=&#8221;bottom&#8221; bg_image_animation=&#8221;none&#8221;][vc_column column_padding=&#8221;no-extra-padding&#8221; column_padding_tablet=&#8221;inherit&#8221; column_padding_phone=&#8221;inherit&#8221; column_padding_position=&#8221;all&#8221; column_element_spacing=&#8221;default&#8221; background_color_opacity=&#8221;1&#8243; background_hover_color_opacity=&#8221;1&#8243; column_shadow=&#8221;none&#8221; column_border_radius=&#8221;none&#8221; column_link_target=&#8221;_self&#8221; gradient_direction=&#8221;left_to_right&#8221; overlay_strength=&#8221;0.3&#8243; width=&#8221;1\/1&#8243; tablet_width_inherit=&#8221;default&#8221;&#8230;<\/p>\n","protected":false},"author":1,"featured_media":0,"parent":6946,"menu_order":0,"comment_status":"closed","ping_status":"closed","template":"","meta":{"footnotes":""},"class_list":["post-7006","page","type-page","status-publish"],"yoast_head":"<!-- This site is optimized with the Yoast SEO plugin v26.8 - https:\/\/yoast.com\/product\/yoast-seo-wordpress\/ -->\n<title>Vistoria - Stichting Gebrs. de Jong&#039;s Leen<\/title>\n<meta name=\"robots\" content=\"index, follow, max-snippet:-1, max-image-preview:large, max-video-preview:-1\" \/>\n<link rel=\"canonical\" href=\"https:\/\/www.dejongsleen.nl\/pt-pt\/quem-somos\/vistoria\/\" \/>\n<meta property=\"og:locale\" content=\"pt_PT\" \/>\n<meta property=\"og:type\" content=\"article\" \/>\n<meta property=\"og:title\" content=\"Vistoria - Stichting Gebrs. de Jong&#039;s Leen\" \/>\n<meta property=\"og:description\" content=\"[vc_row type=&#8221;in_container&#8221; full_screen_row_position=&#8221;middle&#8221; column_margin=&#8221;default&#8221; column_direction=&#8221;default&#8221; column_direction_tablet=&#8221;default&#8221; column_direction_phone=&#8221;default&#8221; scene_position=&#8221;center&#8221; text_color=&#8221;dark&#8221; text_align=&#8221;left&#8221; row_border_radius=&#8221;none&#8221; row_border_radius_applies=&#8221;bg&#8221; overlay_strength=&#8221;0.3&#8243; gradient_direction=&#8221;left_to_right&#8221; shape_divider_position=&#8221;bottom&#8221; bg_image_animation=&#8221;none&#8221;][vc_column column_padding=&#8221;no-extra-padding&#8221; column_padding_tablet=&#8221;inherit&#8221; column_padding_phone=&#8221;inherit&#8221; column_padding_position=&#8221;all&#8221; column_element_spacing=&#8221;default&#8221; background_color_opacity=&#8221;1&#8243; background_hover_color_opacity=&#8221;1&#8243; column_shadow=&#8221;none&#8221; column_border_radius=&#8221;none&#8221; column_link_target=&#8221;_self&#8221; gradient_direction=&#8221;left_to_right&#8221; overlay_strength=&#8221;0.3&#8243; width=&#8221;1\/1&#8243; tablet_width_inherit=&#8221;default&#8221;...\" \/>\n<meta property=\"og:url\" content=\"https:\/\/www.dejongsleen.nl\/pt-pt\/quem-somos\/vistoria\/\" \/>\n<meta property=\"og:site_name\" content=\"Stichting Gebrs. de Jong&#039;s Leen\" \/>\n<meta property=\"article:modified_time\" content=\"2022-03-23T07:32:47+00:00\" \/>\n<meta name=\"twitter:card\" content=\"summary_large_image\" \/>\n<meta name=\"twitter:label1\" content=\"Tempo estimado de leitura\" \/>\n\t<meta name=\"twitter:data1\" content=\"6 minutos\" \/>\n<script type=\"application\/ld+json\" class=\"yoast-schema-graph\">{\"@context\":\"https:\/\/schema.org\",\"@graph\":[{\"@type\":\"WebPage\",\"@id\":\"https:\/\/www.dejongsleen.nl\/pt-pt\/quem-somos\/vistoria\/\",\"url\":\"https:\/\/www.dejongsleen.nl\/pt-pt\/quem-somos\/vistoria\/\",\"name\":\"Vistoria - Stichting Gebrs. de Jong&#039;s Leen\",\"isPartOf\":{\"@id\":\"https:\/\/www.dejongsleen.nl\/nl\/#website\"},\"datePublished\":\"2022-03-22T10:02:44+00:00\",\"dateModified\":\"2022-03-23T07:32:47+00:00\",\"breadcrumb\":{\"@id\":\"https:\/\/www.dejongsleen.nl\/pt-pt\/quem-somos\/vistoria\/#breadcrumb\"},\"inLanguage\":\"pt-PT\",\"potentialAction\":[{\"@type\":\"ReadAction\",\"target\":[\"https:\/\/www.dejongsleen.nl\/pt-pt\/quem-somos\/vistoria\/\"]}]},{\"@type\":\"BreadcrumbList\",\"@id\":\"https:\/\/www.dejongsleen.nl\/pt-pt\/quem-somos\/vistoria\/#breadcrumb\",\"itemListElement\":[{\"@type\":\"ListItem\",\"position\":1,\"name\":\"Home\",\"item\":\"https:\/\/www.dejongsleen.nl\/pt-pt\/\"},{\"@type\":\"ListItem\",\"position\":2,\"name\":\"Quem somos\",\"item\":\"https:\/\/www.dejongsleen.nl\/pt-pt\/quem-somos\/\"},{\"@type\":\"ListItem\",\"position\":3,\"name\":\"Vistoria\"}]},{\"@type\":\"WebSite\",\"@id\":\"https:\/\/www.dejongsleen.nl\/nl\/#website\",\"url\":\"https:\/\/www.dejongsleen.nl\/nl\/\",\"name\":\"Stichting Gebrs. de Jong&#039;s Leen\",\"description\":\"\",\"potentialAction\":[{\"@type\":\"SearchAction\",\"target\":{\"@type\":\"EntryPoint\",\"urlTemplate\":\"https:\/\/www.dejongsleen.nl\/nl\/?s={search_term_string}\"},\"query-input\":{\"@type\":\"PropertyValueSpecification\",\"valueRequired\":true,\"valueName\":\"search_term_string\"}}],\"inLanguage\":\"pt-PT\"}]}<\/script>\n<!-- \/ Yoast SEO plugin. -->","yoast_head_json":{"title":"Vistoria - Stichting Gebrs. de Jong&#039;s Leen","robots":{"index":"index","follow":"follow","max-snippet":"max-snippet:-1","max-image-preview":"max-image-preview:large","max-video-preview":"max-video-preview:-1"},"canonical":"https:\/\/www.dejongsleen.nl\/pt-pt\/quem-somos\/vistoria\/","og_locale":"pt_PT","og_type":"article","og_title":"Vistoria - Stichting Gebrs. de Jong&#039;s Leen","og_description":"[vc_row type=&#8221;in_container&#8221; full_screen_row_position=&#8221;middle&#8221; column_margin=&#8221;default&#8221; column_direction=&#8221;default&#8221; column_direction_tablet=&#8221;default&#8221; column_direction_phone=&#8221;default&#8221; scene_position=&#8221;center&#8221; text_color=&#8221;dark&#8221; text_align=&#8221;left&#8221; row_border_radius=&#8221;none&#8221; row_border_radius_applies=&#8221;bg&#8221; overlay_strength=&#8221;0.3&#8243; gradient_direction=&#8221;left_to_right&#8221; shape_divider_position=&#8221;bottom&#8221; bg_image_animation=&#8221;none&#8221;][vc_column column_padding=&#8221;no-extra-padding&#8221; column_padding_tablet=&#8221;inherit&#8221; column_padding_phone=&#8221;inherit&#8221; column_padding_position=&#8221;all&#8221; column_element_spacing=&#8221;default&#8221; background_color_opacity=&#8221;1&#8243; background_hover_color_opacity=&#8221;1&#8243; column_shadow=&#8221;none&#8221; column_border_radius=&#8221;none&#8221; column_link_target=&#8221;_self&#8221; gradient_direction=&#8221;left_to_right&#8221; overlay_strength=&#8221;0.3&#8243; width=&#8221;1\/1&#8243; tablet_width_inherit=&#8221;default&#8221;...","og_url":"https:\/\/www.dejongsleen.nl\/pt-pt\/quem-somos\/vistoria\/","og_site_name":"Stichting Gebrs. de Jong&#039;s Leen","article_modified_time":"2022-03-23T07:32:47+00:00","twitter_card":"summary_large_image","twitter_misc":{"Tempo estimado de leitura":"6 minutos"},"schema":{"@context":"https:\/\/schema.org","@graph":[{"@type":"WebPage","@id":"https:\/\/www.dejongsleen.nl\/pt-pt\/quem-somos\/vistoria\/","url":"https:\/\/www.dejongsleen.nl\/pt-pt\/quem-somos\/vistoria\/","name":"Vistoria - Stichting Gebrs. de Jong&#039;s Leen","isPartOf":{"@id":"https:\/\/www.dejongsleen.nl\/nl\/#website"},"datePublished":"2022-03-22T10:02:44+00:00","dateModified":"2022-03-23T07:32:47+00:00","breadcrumb":{"@id":"https:\/\/www.dejongsleen.nl\/pt-pt\/quem-somos\/vistoria\/#breadcrumb"},"inLanguage":"pt-PT","potentialAction":[{"@type":"ReadAction","target":["https:\/\/www.dejongsleen.nl\/pt-pt\/quem-somos\/vistoria\/"]}]},{"@type":"BreadcrumbList","@id":"https:\/\/www.dejongsleen.nl\/pt-pt\/quem-somos\/vistoria\/#breadcrumb","itemListElement":[{"@type":"ListItem","position":1,"name":"Home","item":"https:\/\/www.dejongsleen.nl\/pt-pt\/"},{"@type":"ListItem","position":2,"name":"Quem somos","item":"https:\/\/www.dejongsleen.nl\/pt-pt\/quem-somos\/"},{"@type":"ListItem","position":3,"name":"Vistoria"}]},{"@type":"WebSite","@id":"https:\/\/www.dejongsleen.nl\/nl\/#website","url":"https:\/\/www.dejongsleen.nl\/nl\/","name":"Stichting Gebrs. de Jong&#039;s Leen","description":"","potentialAction":[{"@type":"SearchAction","target":{"@type":"EntryPoint","urlTemplate":"https:\/\/www.dejongsleen.nl\/nl\/?s={search_term_string}"},"query-input":{"@type":"PropertyValueSpecification","valueRequired":true,"valueName":"search_term_string"}}],"inLanguage":"pt-PT"}]}},"_links":{"self":[{"href":"https:\/\/www.dejongsleen.nl\/pt-pt\/wp-json\/wp\/v2\/pages\/7006","targetHints":{"allow":["GET"]}}],"collection":[{"href":"https:\/\/www.dejongsleen.nl\/pt-pt\/wp-json\/wp\/v2\/pages"}],"about":[{"href":"https:\/\/www.dejongsleen.nl\/pt-pt\/wp-json\/wp\/v2\/types\/page"}],"author":[{"embeddable":true,"href":"https:\/\/www.dejongsleen.nl\/pt-pt\/wp-json\/wp\/v2\/users\/1"}],"replies":[{"embeddable":true,"href":"https:\/\/www.dejongsleen.nl\/pt-pt\/wp-json\/wp\/v2\/comments?post=7006"}],"version-history":[{"count":3,"href":"https:\/\/www.dejongsleen.nl\/pt-pt\/wp-json\/wp\/v2\/pages\/7006\/revisions"}],"predecessor-version":[{"id":7009,"href":"https:\/\/www.dejongsleen.nl\/pt-pt\/wp-json\/wp\/v2\/pages\/7006\/revisions\/7009"}],"up":[{"embeddable":true,"href":"https:\/\/www.dejongsleen.nl\/pt-pt\/wp-json\/wp\/v2\/pages\/6946"}],"wp:attachment":[{"href":"https:\/\/www.dejongsleen.nl\/pt-pt\/wp-json\/wp\/v2\/media?parent=7006"}],"curies":[{"name":"wp","href":"https:\/\/api.w.org\/{rel}","templated":true}]}}