{"id":6762,"date":"2022-03-22T11:02:44","date_gmt":"2022-03-22T10:02:44","guid":{"rendered":"http:\/\/dejongsleen.practicom.website\/?page_id=6762"},"modified":"2022-03-22T11:02:44","modified_gmt":"2022-03-22T10:02:44","slug":"schouw","status":"publish","type":"page","link":"https:\/\/www.dejongsleen.nl\/nl\/over\/schouw\/","title":{"rendered":"Schouw"},"content":{"rendered":"[vc_row type=&#8221;in_container&#8221; full_screen_row_position=&#8221;middle&#8221; column_margin=&#8221;default&#8221; column_direction=&#8221;default&#8221; column_direction_tablet=&#8221;default&#8221; column_direction_phone=&#8221;default&#8221; scene_position=&#8221;center&#8221; text_color=&#8221;dark&#8221; text_align=&#8221;left&#8221; row_border_radius=&#8221;none&#8221; row_border_radius_applies=&#8221;bg&#8221; overlay_strength=&#8221;0.3&#8243; gradient_direction=&#8221;left_to_right&#8221; shape_divider_position=&#8221;bottom&#8221; bg_image_animation=&#8221;none&#8221;][vc_column column_padding=&#8221;no-extra-padding&#8221; column_padding_tablet=&#8221;inherit&#8221; column_padding_phone=&#8221;inherit&#8221; column_padding_position=&#8221;all&#8221; column_element_spacing=&#8221;default&#8221; background_color_opacity=&#8221;1&#8243; background_hover_color_opacity=&#8221;1&#8243; column_shadow=&#8221;none&#8221; column_border_radius=&#8221;none&#8221; column_link_target=&#8221;_self&#8221; gradient_direction=&#8221;left_to_right&#8221; overlay_strength=&#8221;0.3&#8243; width=&#8221;1\/1&#8243; tablet_width_inherit=&#8221;default&#8221; tablet_text_alignment=&#8221;default&#8221; phone_text_alignment=&#8221;default&#8221; bg_image_animation=&#8221;none&#8221; border_type=&#8221;simple&#8221; column_border_width=&#8221;none&#8221; column_border_style=&#8221;solid&#8221;][divider line_type=&#8221;No Line&#8221; custom_height=&#8221;30&#8243;][\/vc_column][\/vc_row][vc_row type=&#8221;full_width_background&#8221; full_screen_row_position=&#8221;middle&#8221; column_margin=&#8221;default&#8221; column_direction=&#8221;default&#8221; column_direction_tablet=&#8221;default&#8221; column_direction_phone=&#8221;default&#8221; bg_color=&#8221;#009fe3&#8243; scene_position=&#8221;center&#8221; top_padding=&#8221;30px&#8221; constrain_group_1=&#8221;yes&#8221; bottom_padding=&#8221;30px&#8221; left_padding_desktop=&#8221;20px&#8221; constrain_group_2=&#8221;yes&#8221; right_padding_desktop=&#8221;20px&#8221; text_color=&#8221;light&#8221; text_align=&#8221;left&#8221; row_border_radius=&#8221;none&#8221; row_border_radius_applies=&#8221;bg&#8221; id=&#8221;intro&#8221; overlay_strength=&#8221;0.3&#8243; gradient_direction=&#8221;left_to_right&#8221; shape_divider_position=&#8221;bottom&#8221; bg_image_animation=&#8221;none&#8221; shape_type=&#8221;&#8221;][vc_column column_padding=&#8221;no-extra-padding&#8221; column_padding_tablet=&#8221;inherit&#8221; column_padding_phone=&#8221;inherit&#8221; column_padding_position=&#8221;all&#8221; column_element_spacing=&#8221;default&#8221; background_color_opacity=&#8221;1&#8243; background_hover_color_opacity=&#8221;1&#8243; column_shadow=&#8221;none&#8221; column_border_radius=&#8221;none&#8221; column_link_target=&#8221;_self&#8221; gradient_direction=&#8221;left_to_right&#8221; overlay_strength=&#8221;0.3&#8243; width=&#8221;1\/1&#8243; tablet_width_inherit=&#8221;default&#8221; tablet_text_alignment=&#8221;default&#8221; phone_text_alignment=&#8221;default&#8221; bg_image_animation=&#8221;none&#8221; border_type=&#8221;simple&#8221; column_border_width=&#8221;none&#8221; column_border_style=&#8221;solid&#8221;][vc_column_text]\n<h2>Bezoek aan de pachters<\/h2>\n[\/vc_column_text][vc_row_inner column_margin=&#8221;default&#8221; column_direction=&#8221;default&#8221; column_direction_tablet=&#8221;default&#8221; column_direction_phone=&#8221;default&#8221; text_align=&#8221;left&#8221;][vc_column_inner column_padding=&#8221;no-extra-padding&#8221; column_padding_tablet=&#8221;inherit&#8221; column_padding_phone=&#8221;inherit&#8221; column_padding_position=&#8221;all&#8221; column_element_spacing=&#8221;default&#8221; background_color_opacity=&#8221;1&#8243; background_hover_color_opacity=&#8221;1&#8243; column_shadow=&#8221;none&#8221; column_border_radius=&#8221;none&#8221; column_link_target=&#8221;_self&#8221; gradient_direction=&#8221;left_to_right&#8221; overlay_strength=&#8221;0.3&#8243; width=&#8221;1\/1&#8243; tablet_width_inherit=&#8221;default&#8221; bg_image_animation=&#8221;none&#8221; border_type=&#8221;simple&#8221; column_border_width=&#8221;none&#8221; column_border_style=&#8221;solid&#8221;][vc_column_text]Maandag 6 augustus 2012 heeft het bestuur van de stichting met haar rentmeester Eddy Oostra een bezoek gebracht aan de pachters van de stichting. Deze schouw had voor het laatst plaatsgevonden in 1987. Sindsdien zijn de boerenbedrijven,\u00a0gelegen in Friesland,\u00a0overgenomen door jongere pachters dus was het nodig tijd voor een hernieuwde kennismaking met de pachters.[\/vc_column_text][\/vc_column_inner][\/vc_row_inner][\/vc_column][\/vc_row][vc_row type=&#8221;full_width_background&#8221; full_screen_row_position=&#8221;middle&#8221; column_margin=&#8221;default&#8221; column_direction=&#8221;default&#8221; column_direction_tablet=&#8221;default&#8221; column_direction_phone=&#8221;default&#8221; bg_image=&#8221;6647&#8243; bg_position=&#8221;right bottom&#8221; background_image_loading=&#8221;default&#8221; bg_repeat=&#8221;no-repeat&#8221; scene_position=&#8221;center&#8221; top_padding=&#8221;30px&#8221; text_color=&#8221;dark&#8221; text_align=&#8221;left&#8221; row_border_radius=&#8221;none&#8221; row_border_radius_applies=&#8221;bg&#8221; color_overlay=&#8221;#f8f8f8&#8243; color_overlay_2=&#8221;#f8f8f8&#8243; overlay_strength=&#8221;0.8&#8243; gradient_direction=&#8221;left_to_right&#8221; shape_divider_position=&#8221;bottom&#8221; bg_image_animation=&#8221;none&#8221; shape_type=&#8221;&#8221;][vc_column column_padding=&#8221;no-extra-padding&#8221; column_padding_tablet=&#8221;inherit&#8221; column_padding_phone=&#8221;inherit&#8221; column_padding_position=&#8221;all&#8221; column_element_spacing=&#8221;default&#8221; background_color_opacity=&#8221;1&#8243; background_hover_color_opacity=&#8221;1&#8243; column_shadow=&#8221;none&#8221; column_border_radius=&#8221;none&#8221; column_link_target=&#8221;_self&#8221; gradient_direction=&#8221;left_to_right&#8221; overlay_strength=&#8221;0.3&#8243; width=&#8221;1\/1&#8243; tablet_width_inherit=&#8221;default&#8221; tablet_text_alignment=&#8221;default&#8221; phone_text_alignment=&#8221;default&#8221; bg_image_animation=&#8221;none&#8221; border_type=&#8221;simple&#8221; column_border_width=&#8221;none&#8221; column_border_style=&#8221;solid&#8221;][vc_row_inner column_margin=&#8221;default&#8221; column_direction=&#8221;default&#8221; column_direction_tablet=&#8221;default&#8221; column_direction_phone=&#8221;default&#8221; bottom_padding=&#8221;60px&#8221; text_align=&#8221;left&#8221;][vc_column_inner column_padding=&#8221;no-extra-padding&#8221; column_padding_tablet=&#8221;inherit&#8221; column_padding_phone=&#8221;inherit&#8221; column_padding_position=&#8221;all&#8221; column_element_spacing=&#8221;default&#8221; background_color_opacity=&#8221;1&#8243; background_hover_color_opacity=&#8221;1&#8243; column_shadow=&#8221;none&#8221; column_border_radius=&#8221;none&#8221; column_link_target=&#8221;_self&#8221; gradient_direction=&#8221;left_to_right&#8221; overlay_strength=&#8221;0.3&#8243; width=&#8221;1\/1&#8243; tablet_width_inherit=&#8221;default&#8221; bg_image_animation=&#8221;none&#8221; border_type=&#8221;simple&#8221; column_border_width=&#8221;none&#8221; column_border_style=&#8221;solid&#8221;][vc_column_text]Het dagprogramma\u00a0was opgesteld\u00a0door Eddy Oostra en voorzag in een bezoek in de ochtend aan de pachter in Rijs. In de middag zouden de pachter in Abbega en de pachter\u00a0nabij Zweins worden bezocht. &#8216;s-Middags was tijd ingeruimd voor een lunch bij de Galamadammen.<\/p>\n<p>En dan het weer op maandag 6 augustus 2012. Diverse weertypen zijn die dag voorbij gekomen. Er bleek een buienfront in de lengterichting over Friesland te liggen. Forse buien werden afgewisseld met zonnige periodes. Tot in de loop van de middag het weer opklaarde. Bij het bezoek aan de laatste pachter bij Zweins bleek dat\u00a0dat gebied \u00a0heel veel hemelwater te verwerken had gekregen.<\/p>\n<p>De ontvangst door de pachters en aanhang was gastvrij en hartelijk. Aan de keukentafels passeerden allerlei onderwerpen de revue. De pachters\u00a0spraken over hun bedrijf en hun plannen, het verdwijnen van het melkquotum, verschillen in melkprijzen, goede en minder goede co\u00f6peraties, grondprijzen, de afzet van mest\u00a0en opvolgingskwesties.\u00a0Eddy Oostra fungeerde als deskundig host. En van de\u00a0bestuursleden, Erik Meier, bleek over toepasselijke werkervaring te beschikken zodat vanuit de stichting zinvolle vragen konden worden gesteld. Maar bovenal stonden de bezoeken in het teken van kennismaking en gezelligheid.<\/p>\n<p>Vast onderdeel van het bezoek aan de pachters was de rondleiding op het bedrijf. Gezamenlijk werden de stallen, de melkinstallaties en\u00a0uiteraard het vee bekeken. Het echte schouwen was begonnen.<\/p>\n<p>&nbsp;<\/p>\n<p>Een koe wordt gestoord bij zijn maaltijd. Wie schouwt nou wie?<\/p>\n<p>Pachters gaven\u00a0onder meer uitleg\u00a0over het voer, kuilgras of vers gras,\u00a0en de effecten daarvan op het vee. Over\u00a0het stallen\u00a0van het vee en de co\u00f6peraties die met een iets hogere melkprijs\u00a0melkveehouders ertoe aanzetten hun vee de weide in te sturen. Het verschil tussen kuilgras en vers gras is duidelijk zichtbaar als je bovenstaande en onderstaande foto met elkaar vergelijkt.<\/p>\n<p>E\u00e9n van de stallen tijdens \u00e9\u00e9n van de rondleidingen.<\/p>\n<p>Met de pachter nabij Zweins werd met name gesproken over de grond waarop in een verleden een state had gestaan toebehorende aan een heer Kingma. Een bosschage en de grillige verkaveling van de grond zijn hiervan de zichtbare getuigenissen.<\/p>\n<p>Bosschage in de nabijheid van Zweins.<\/p>\n<p>Het bestuur dankt de pachters, echtgenoten\u00a0en Eddy Oostra voor\u00a0 het welslagen van deze dag. Er is dan ook geen reden te bedenken waarom een volgende schouw weer 25 jaar op zich zou moeten laten wachten.[\/vc_column_text][\/vc_column_inner][\/vc_row_inner][\/vc_column][\/vc_row]\n","protected":false},"excerpt":{"rendered":"<p>[vc_row type=&#8221;in_container&#8221; full_screen_row_position=&#8221;middle&#8221; column_margin=&#8221;default&#8221; column_direction=&#8221;default&#8221; column_direction_tablet=&#8221;default&#8221; column_direction_phone=&#8221;default&#8221; scene_position=&#8221;center&#8221; text_color=&#8221;dark&#8221; text_align=&#8221;left&#8221; row_border_radius=&#8221;none&#8221; row_border_radius_applies=&#8221;bg&#8221; overlay_strength=&#8221;0.3&#8243; gradient_direction=&#8221;left_to_right&#8221; shape_divider_position=&#8221;bottom&#8221; bg_image_animation=&#8221;none&#8221;][vc_column column_padding=&#8221;no-extra-padding&#8221; column_padding_tablet=&#8221;inherit&#8221; column_padding_phone=&#8221;inherit&#8221; column_padding_position=&#8221;all&#8221; column_element_spacing=&#8221;default&#8221; background_color_opacity=&#8221;1&#8243; background_hover_color_opacity=&#8221;1&#8243; column_shadow=&#8221;none&#8221; column_border_radius=&#8221;none&#8221; column_link_target=&#8221;_self&#8221; gradient_direction=&#8221;left_to_right&#8221; overlay_strength=&#8221;0.3&#8243; width=&#8221;1\/1&#8243; tablet_width_inherit=&#8221;default&#8221;&#8230;<\/p>\n","protected":false},"author":1,"featured_media":0,"parent":6661,"menu_order":0,"comment_status":"closed","ping_status":"closed","template":"","meta":{"footnotes":""},"class_list":["post-6762","page","type-page","status-publish"],"yoast_head":"<!-- This site is optimized with the Yoast SEO plugin v26.8 - https:\/\/yoast.com\/product\/yoast-seo-wordpress\/ -->\n<title>Schouw - Stichting Gebrs. de Jong&#039;s Leen<\/title>\n<meta name=\"robots\" content=\"index, follow, max-snippet:-1, max-image-preview:large, max-video-preview:-1\" \/>\n<link rel=\"canonical\" href=\"https:\/\/www.dejongsleen.nl\/nl\/over\/schouw\/\" \/>\n<meta property=\"og:locale\" content=\"nl_NL\" \/>\n<meta property=\"og:type\" content=\"article\" \/>\n<meta property=\"og:title\" content=\"Schouw - Stichting Gebrs. de Jong&#039;s Leen\" \/>\n<meta property=\"og:description\" content=\"[vc_row type=&#8221;in_container&#8221; full_screen_row_position=&#8221;middle&#8221; column_margin=&#8221;default&#8221; column_direction=&#8221;default&#8221; column_direction_tablet=&#8221;default&#8221; column_direction_phone=&#8221;default&#8221; scene_position=&#8221;center&#8221; text_color=&#8221;dark&#8221; text_align=&#8221;left&#8221; row_border_radius=&#8221;none&#8221; row_border_radius_applies=&#8221;bg&#8221; overlay_strength=&#8221;0.3&#8243; gradient_direction=&#8221;left_to_right&#8221; shape_divider_position=&#8221;bottom&#8221; bg_image_animation=&#8221;none&#8221;][vc_column column_padding=&#8221;no-extra-padding&#8221; column_padding_tablet=&#8221;inherit&#8221; column_padding_phone=&#8221;inherit&#8221; column_padding_position=&#8221;all&#8221; column_element_spacing=&#8221;default&#8221; background_color_opacity=&#8221;1&#8243; background_hover_color_opacity=&#8221;1&#8243; column_shadow=&#8221;none&#8221; column_border_radius=&#8221;none&#8221; column_link_target=&#8221;_self&#8221; gradient_direction=&#8221;left_to_right&#8221; overlay_strength=&#8221;0.3&#8243; width=&#8221;1\/1&#8243; tablet_width_inherit=&#8221;default&#8221;...\" \/>\n<meta property=\"og:url\" content=\"https:\/\/www.dejongsleen.nl\/nl\/over\/schouw\/\" \/>\n<meta property=\"og:site_name\" content=\"Stichting Gebrs. de Jong&#039;s Leen\" \/>\n<meta name=\"twitter:card\" content=\"summary_large_image\" \/>\n<meta name=\"twitter:label1\" content=\"Geschatte leestijd\" \/>\n\t<meta name=\"twitter:data1\" content=\"6 minuten\" \/>\n<script type=\"application\/ld+json\" class=\"yoast-schema-graph\">{\"@context\":\"https:\/\/schema.org\",\"@graph\":[{\"@type\":\"WebPage\",\"@id\":\"https:\/\/www.dejongsleen.nl\/nl\/over\/schouw\/\",\"url\":\"https:\/\/www.dejongsleen.nl\/nl\/over\/schouw\/\",\"name\":\"Schouw - Stichting Gebrs. de Jong&#039;s Leen\",\"isPartOf\":{\"@id\":\"https:\/\/www.dejongsleen.nl\/nl\/#website\"},\"datePublished\":\"2022-03-22T10:02:44+00:00\",\"breadcrumb\":{\"@id\":\"https:\/\/www.dejongsleen.nl\/nl\/over\/schouw\/#breadcrumb\"},\"inLanguage\":\"nl-NL\",\"potentialAction\":[{\"@type\":\"ReadAction\",\"target\":[\"https:\/\/www.dejongsleen.nl\/nl\/over\/schouw\/\"]}]},{\"@type\":\"BreadcrumbList\",\"@id\":\"https:\/\/www.dejongsleen.nl\/nl\/over\/schouw\/#breadcrumb\",\"itemListElement\":[{\"@type\":\"ListItem\",\"position\":1,\"name\":\"Home\",\"item\":\"https:\/\/www.dejongsleen.nl\/nl\/\"},{\"@type\":\"ListItem\",\"position\":2,\"name\":\"Over\",\"item\":\"https:\/\/www.dejongsleen.nl\/nl\/over\/\"},{\"@type\":\"ListItem\",\"position\":3,\"name\":\"Schouw\"}]},{\"@type\":\"WebSite\",\"@id\":\"https:\/\/www.dejongsleen.nl\/nl\/#website\",\"url\":\"https:\/\/www.dejongsleen.nl\/nl\/\",\"name\":\"Stichting Gebrs. de Jong&#039;s Leen\",\"description\":\"\",\"potentialAction\":[{\"@type\":\"SearchAction\",\"target\":{\"@type\":\"EntryPoint\",\"urlTemplate\":\"https:\/\/www.dejongsleen.nl\/nl\/?s={search_term_string}\"},\"query-input\":{\"@type\":\"PropertyValueSpecification\",\"valueRequired\":true,\"valueName\":\"search_term_string\"}}],\"inLanguage\":\"nl-NL\"}]}<\/script>\n<!-- \/ Yoast SEO plugin. -->","yoast_head_json":{"title":"Schouw - Stichting Gebrs. de Jong&#039;s Leen","robots":{"index":"index","follow":"follow","max-snippet":"max-snippet:-1","max-image-preview":"max-image-preview:large","max-video-preview":"max-video-preview:-1"},"canonical":"https:\/\/www.dejongsleen.nl\/nl\/over\/schouw\/","og_locale":"nl_NL","og_type":"article","og_title":"Schouw - Stichting Gebrs. de Jong&#039;s Leen","og_description":"[vc_row type=&#8221;in_container&#8221; full_screen_row_position=&#8221;middle&#8221; column_margin=&#8221;default&#8221; column_direction=&#8221;default&#8221; column_direction_tablet=&#8221;default&#8221; column_direction_phone=&#8221;default&#8221; scene_position=&#8221;center&#8221; text_color=&#8221;dark&#8221; text_align=&#8221;left&#8221; row_border_radius=&#8221;none&#8221; row_border_radius_applies=&#8221;bg&#8221; overlay_strength=&#8221;0.3&#8243; gradient_direction=&#8221;left_to_right&#8221; shape_divider_position=&#8221;bottom&#8221; bg_image_animation=&#8221;none&#8221;][vc_column column_padding=&#8221;no-extra-padding&#8221; column_padding_tablet=&#8221;inherit&#8221; column_padding_phone=&#8221;inherit&#8221; column_padding_position=&#8221;all&#8221; column_element_spacing=&#8221;default&#8221; background_color_opacity=&#8221;1&#8243; background_hover_color_opacity=&#8221;1&#8243; column_shadow=&#8221;none&#8221; column_border_radius=&#8221;none&#8221; column_link_target=&#8221;_self&#8221; gradient_direction=&#8221;left_to_right&#8221; overlay_strength=&#8221;0.3&#8243; width=&#8221;1\/1&#8243; tablet_width_inherit=&#8221;default&#8221;...","og_url":"https:\/\/www.dejongsleen.nl\/nl\/over\/schouw\/","og_site_name":"Stichting Gebrs. de Jong&#039;s Leen","twitter_card":"summary_large_image","twitter_misc":{"Geschatte leestijd":"6 minuten"},"schema":{"@context":"https:\/\/schema.org","@graph":[{"@type":"WebPage","@id":"https:\/\/www.dejongsleen.nl\/nl\/over\/schouw\/","url":"https:\/\/www.dejongsleen.nl\/nl\/over\/schouw\/","name":"Schouw - Stichting Gebrs. de Jong&#039;s Leen","isPartOf":{"@id":"https:\/\/www.dejongsleen.nl\/nl\/#website"},"datePublished":"2022-03-22T10:02:44+00:00","breadcrumb":{"@id":"https:\/\/www.dejongsleen.nl\/nl\/over\/schouw\/#breadcrumb"},"inLanguage":"nl-NL","potentialAction":[{"@type":"ReadAction","target":["https:\/\/www.dejongsleen.nl\/nl\/over\/schouw\/"]}]},{"@type":"BreadcrumbList","@id":"https:\/\/www.dejongsleen.nl\/nl\/over\/schouw\/#breadcrumb","itemListElement":[{"@type":"ListItem","position":1,"name":"Home","item":"https:\/\/www.dejongsleen.nl\/nl\/"},{"@type":"ListItem","position":2,"name":"Over","item":"https:\/\/www.dejongsleen.nl\/nl\/over\/"},{"@type":"ListItem","position":3,"name":"Schouw"}]},{"@type":"WebSite","@id":"https:\/\/www.dejongsleen.nl\/nl\/#website","url":"https:\/\/www.dejongsleen.nl\/nl\/","name":"Stichting Gebrs. de Jong&#039;s Leen","description":"","potentialAction":[{"@type":"SearchAction","target":{"@type":"EntryPoint","urlTemplate":"https:\/\/www.dejongsleen.nl\/nl\/?s={search_term_string}"},"query-input":{"@type":"PropertyValueSpecification","valueRequired":true,"valueName":"search_term_string"}}],"inLanguage":"nl-NL"}]}},"_links":{"self":[{"href":"https:\/\/www.dejongsleen.nl\/nl\/wp-json\/wp\/v2\/pages\/6762","targetHints":{"allow":["GET"]}}],"collection":[{"href":"https:\/\/www.dejongsleen.nl\/nl\/wp-json\/wp\/v2\/pages"}],"about":[{"href":"https:\/\/www.dejongsleen.nl\/nl\/wp-json\/wp\/v2\/types\/page"}],"author":[{"embeddable":true,"href":"https:\/\/www.dejongsleen.nl\/nl\/wp-json\/wp\/v2\/users\/1"}],"replies":[{"embeddable":true,"href":"https:\/\/www.dejongsleen.nl\/nl\/wp-json\/wp\/v2\/comments?post=6762"}],"version-history":[{"count":1,"href":"https:\/\/www.dejongsleen.nl\/nl\/wp-json\/wp\/v2\/pages\/6762\/revisions"}],"predecessor-version":[{"id":6763,"href":"https:\/\/www.dejongsleen.nl\/nl\/wp-json\/wp\/v2\/pages\/6762\/revisions\/6763"}],"up":[{"embeddable":true,"href":"https:\/\/www.dejongsleen.nl\/nl\/wp-json\/wp\/v2\/pages\/6661"}],"wp:attachment":[{"href":"https:\/\/www.dejongsleen.nl\/nl\/wp-json\/wp\/v2\/media?parent=6762"}],"curies":[{"name":"wp","href":"https:\/\/api.w.org\/{rel}","templated":true}]}}